{"id":50,"date":"2017-08-10T00:20:06","date_gmt":"2017-08-10T00:20:06","guid":{"rendered":"http:\/\/winemakerschool.com\/fr\/?page_id=50"},"modified":"2017-08-24T02:03:18","modified_gmt":"2017-08-24T02:03:18","slug":"liste-de-verification-equipement-de-depart","status":"publish","type":"page","link":"https:\/\/winemakerschool.com\/fr\/liste-de-verification-equipement-de-depart\/","title":{"rendered":"Liste de v\u00e9rification &#8211; \u00c9quipement de d\u00e9part"},"content":{"rendered":"<div class='row'><div style='padding-bottom:30px;' class='span12 first-module module_number_1 module_cont  module_text_area'>\r\n                <div class='module_content'>\r\n                    \r\n                <\/div><\/div><!-- .module_cont --><\/div><div class='row'><div style='padding-bottom:15px;' class='span12  module_number_2 module_cont  module_title'><div class='bg_title'><h4 style='' class='headInModule'>Liste de v\u00e9rification - \u00c9quipement de d\u00e9part<\/h4><\/div><\/div><!-- .module_cont --><\/div><div class='row'><div style='padding-bottom:30px;' class='span12  module_number_3 module_cont  module_divider'><hr class=\" \"><\/div><!-- .module_cont --><\/div><div class='row'><div style='padding-bottom:30px;' class='span9  module_number_4 module_cont  module_text_area'>\r\n                <div class='module_content'>\r\n                    <p><strong>Cuve de fermentation primaire<\/strong> &ndash; Cuve de plastique de grade alimentaire et couvercle d&rsquo;une capacit&eacute; sup&eacute;rieure d&rsquo;au moins 18 litres (5 gallons) que la capacit&eacute; requise pour votre trousse de vinification. Ceci laissera suffisamment d&rsquo;espace pour &eacute;viter que la formation de bulles et de mousse lors de la fermentation ne cr&eacute;e un d&eacute;bordement de liquide.<\/p>\r\n<p><strong>Tourie<\/strong> &ndash; Contenant de verre ou de plastique muni d&rsquo;un goulot &eacute;troit. Une trousse de vinification typique requiert une tourie de 23 litres (6 gallons)<\/p>\r\n<p><strong>Thermom&egrave;tre<\/strong> &ndash; Utilis&eacute; pour contr&ocirc;ler la temp&eacute;rature au cours du processus de vinification.<\/p>\r\n<p><strong>Bonde hydraulique&nbsp;<\/strong>&ndash; Con&ccedil;ue pour pr&eacute;venir que les bact&eacute;ries et l&rsquo;oxyg&egrave;ne p&eacute;n&egrave;trent dans votre vin tout en laissant &eacute;chapper le dioxyde de carbone produit.<\/p>\r\n<p><strong>Bouchon perfor&eacute;<\/strong> &ndash; Maintient en place la bonde hydraulique (c.-&agrave;-d. un bouchon muni d&rsquo;un trou).<\/p>\r\n<p><strong>Cuill&egrave;re de brassage ou spatule<\/strong> &ndash; Un outil de brassage en plastique de grade alimentaire con&ccedil;u sp&eacute;cifiquement pour la vinification et suffisamment long pour rejoindre le fond de la cuve de fermentation primaire.<\/p>\r\n<p><strong>Voleur &agrave; vin<\/strong> &ndash; Utilis&eacute; pour pr&eacute;lever des &eacute;chantillons dans la cuve de fermentation primaire et la tourie.<\/p>\r\n<p><strong>Densim&egrave;tre<\/strong> &ndash; Instrument utilis&eacute; pour mesurer la quantit&eacute; de sucre pr&eacute;sente &agrave; l&rsquo;aide de la gravit&eacute; sp&eacute;cifique (G.S.) afin de contr&ocirc;ler la progression de la fermentation.<\/p>\r\n<p><strong>Tige de d&eacute;gazage (optionnelle, mais recommand&eacute;e)<\/strong> &ndash; Un outil servant &agrave; retirer le dioxyde de carbone du vin. Il s&rsquo;agit de la fa&ccedil;on la plus rapide et la plus facile de d&eacute;gazer le vin. Se fixe au bout d&rsquo;une perceuse &eacute;lectrique.<\/p>\r\n<p><strong>Siphon et tube de soutirage<\/strong> &ndash; Utilis&eacute;s pour transf&eacute;rer le vin d&rsquo;un contenant &agrave; l&rsquo;autre tout en ne soutirant pas les s&eacute;diments.<\/p>\r\n<p><strong>Bouchon plein<\/strong> &ndash; S&rsquo;ajuste sur la tourie afin de pr&eacute;venir l&rsquo;oxydation et la pr&eacute;sence de contaminants dans le vin. Utilis&eacute; uniquement apr&egrave;s que le vin ait &eacute;t&eacute; d&eacute;gaz&eacute;.<\/p>\r\n<p><strong>Remplisseuse &agrave; bouteille<\/strong> &ndash; &Eacute;quipement permettant de transf&eacute;rer un liquide une fois ins&eacute;r&eacute; dans une bouteille et qui arr&ecirc;te le d&eacute;bit du liquide d&egrave;s qu&rsquo;il est retir&eacute; de la bouteille.<\/p>\r\n<p><strong>Bouteilles<\/strong> &ndash; Les trousses de vinification habituelles qui produisent 23 litres (6 gallons) de vin n&eacute;cessiteront environ 30 bouteilles de format 750 ml.<\/p>\r\n<p><strong>Bouchons<\/strong> &ndash; Utilisez toujours de nouveaux bouchons pour une fermeture ad&eacute;quate.<\/p>\r\n<p><strong>&Eacute;tiquettes<\/strong> &ndash; Sont parfois incluses dans la trousse, mais peuvent &eacute;galement &ecirc;tre achet&eacute;es individuellement ou personnalis&eacute;es selon vos go&ucirc;ts!<\/p>\r\n                <\/div><\/div><!-- .module_cont --><div style='padding-bottom:15px;' class='span3  module_number_5 module_cont  module_text_area'>\r\n                <div class='module_content'>\r\n                    <p><a href=\"\/fr\/wp-content\/uploads\/sites\/5\/2017\/08\/Liste-de-verification-Equipement-de-depart.pdf\" target=\"_blank\" rel=\"noopener\"><img loading=\"lazy\" decoding=\"async\" style=\"float: right;\" src=\"\/fr\/wp-content\/uploads\/sites\/5\/2017\/08\/PDFdownload.jpg\" alt=\"Download Printable PDF\" width=\"144\" height=\"144\" \/><\/a><\/p>\r\n                <\/div><\/div><!-- .module_cont --><\/div>","protected":false},"excerpt":{"rendered":"<p>Liste de v\u00e9rification &#8211; \u00c9quipement de d\u00e9part Cuve de fermentation primaire &ndash; Cuve de plastique de grade alimentaire et couvercle d&rsquo;une capacit&eacute; sup&eacute;rieure d&rsquo;au moins 18 litres (5 gallons) que la capacit&eacute; requise pour votre trousse de vinification. Ceci laissera suffisamment d&rsquo;espace pour &eacute;viter que la formation de bulles et de mousse lors de la fermentation ne cr&eacute;e un d&eacute;bordement de liquide. Tourie &ndash; Contenant de verre ou de plastique muni d&rsquo;un goulot &eacute;troit. Une trousse de vinification typique requiert une tourie de 23 litres (6 gallons) Thermom&egrave;tre &ndash; Utilis&eacute; pour contr&ocirc;ler la temp&eacute;rature au cours du processus de vinification. Bonde hydraulique&nbsp;&ndash; Con&ccedil;ue pour pr&eacute;venir que les bact&eacute;ries et l&rsquo;oxyg&egrave;ne p&eacute;n&egrave;trent dans votre vin tout en laissant &eacute;chapper le dioxyde de carbone produit. Bouchon perfor&eacute; &ndash; Maintient en place la bonde hydraulique (c.-&agrave;-d. un bouchon muni d&rsquo;un trou). Cuill&egrave;re de brassage ou spatule &ndash; Un outil de brassage en plastique de grade alimentaire con&ccedil;u sp&eacute;cifiquement pour la vinification et suffisamment long pour rejoindre le fond de la cuve de fermentation primaire. Voleur &agrave; vin &ndash; Utilis&eacute; pour pr&eacute;lever des &eacute;chantillons dans la cuve de fermentation primaire et la tourie. Densim&egrave;tre &ndash; Instrument utilis&eacute; pour mesurer la quantit&eacute; de sucre pr&eacute;sente [&hellip;]<\/p>\n","protected":false},"author":2,"featured_media":0,"parent":0,"menu_order":0,"comment_status":"closed","ping_status":"closed","template":"","meta":{"footnotes":""},"class_list":["post-50","page","type-page","status-publish","hentry"],"_links":{"self":[{"href":"https:\/\/winemakerschool.com\/fr\/wp-json\/wp\/v2\/pages\/50","targetHints":{"allow":["GET"]}}],"collection":[{"href":"https:\/\/winemakerschool.com\/fr\/wp-json\/wp\/v2\/pages"}],"about":[{"href":"https:\/\/winemakerschool.com\/fr\/wp-json\/wp\/v2\/types\/page"}],"author":[{"embeddable":true,"href":"https:\/\/winemakerschool.com\/fr\/wp-json\/wp\/v2\/users\/2"}],"replies":[{"embeddable":true,"href":"https:\/\/winemakerschool.com\/fr\/wp-json\/wp\/v2\/comments?post=50"}],"version-history":[{"count":1,"href":"https:\/\/winemakerschool.com\/fr\/wp-json\/wp\/v2\/pages\/50\/revisions"}],"predecessor-version":[{"id":184,"href":"https:\/\/winemakerschool.com\/fr\/wp-json\/wp\/v2\/pages\/50\/revisions\/184"}],"wp:attachment":[{"href":"https:\/\/winemakerschool.com\/fr\/wp-json\/wp\/v2\/media?parent=50"}],"curies":[{"name":"wp","href":"https:\/\/api.w.org\/{rel}","templated":true}]}}