{"id":24,"date":"2017-08-09T00:17:58","date_gmt":"2017-08-09T00:17:58","guid":{"rendered":"http:\/\/winemakerschool.com\/fr\/?page_id=24"},"modified":"2018-01-21T01:12:36","modified_gmt":"2018-01-21T01:12:36","slug":"glossaire","status":"publish","type":"page","link":"https:\/\/winemakerschool.com\/fr\/glossaire\/","title":{"rendered":"Glossaire"},"content":{"rendered":"<div class='row'><div style='padding-bottom:30px;' class='span12 first-module module_number_1 module_cont  module_text_area'>\r\n                <div class='module_content'>\r\n                    \r\n                <\/div><\/div><!-- .module_cont --><\/div><div class='row'><div style='padding-bottom:15px;' class='span9  module_number_2 module_cont  module_title'><div class='bg_title'><h4 style='' class='headInModule'>Glossaire<\/h4><\/div><\/div><!-- .module_cont --><div style='padding-bottom:15px;' class='span3  module_number_3 module_cont  module_text_area'>\r\n                <div class='module_content'>\r\n                    <p style=\"text-align: right;\"><a href=\"\/glossary\/\">EN<\/a> \/ <a href=\"\/fr\/glossaire\/\">FR<\/a><\/p>\r\n                <\/div><\/div><!-- .module_cont --><\/div><div class='row'><div style='padding-bottom:30px;' class='span12  module_number_4 module_cont  module_divider'><hr class=\" \"><\/div><!-- .module_cont --><\/div><div class='row'><div style='padding-bottom:30px;' class='span6  module_number_5 module_cont  module_faq'><div class='shortcode_toggles toggles'>\r\n\t\t<h5 data-count='' class='shortcode_toggles_item_title acc_togg_title expanded_no'><span>Agents affineurs (clarifiants)<\/span><\/h5>\r\n\t\t<div class='shortcode_toggles_item_body acc_togg_body'>\r\n\t\t    <div class='ip'><p>Additifs qui se lient aux particules en suspension dans le vin afin d&rsquo;en faciliter la clarification.<\/p><\/div>\r\n        <\/div>\r\n\t\t<h5 data-count='1' class='shortcode_toggles_item_title acc_togg_title expanded_no'><span>Auto-siphon\/Siphon et tube de soutirage <\/span><\/h5>\r\n\t\t<div class='shortcode_toggles_item_body acc_togg_body'>\r\n\t\t    <div class='ip'><p>Utilis&eacute;s pour transf&eacute;rer le vin d&rsquo;un contenant &agrave; l&rsquo;autre tout en ne soutirant pas les s&eacute;diments. L&rsquo;auto-siphon (dont l&rsquo;image appara&icirc;t ci-dessous avec un tube de soutirage en acrylique de grade alimentaire) est plus facile &agrave; utiliser que le siphon de base &ndash; Il ne requiert que trois mouvements de pompage pour fonctionner et le vin commencera &agrave; circuler.<\/p>\r\n<p><img loading=\"lazy\" decoding=\"async\" src=\"\/fr\/wp-content\/uploads\/sites\/5\/2017\/08\/AutoSiphon.jpg\" alt=\"Autosiphon\" width=\"220\" height=\"220\" \/><\/p><\/div>\r\n        <\/div>\r\n\t\t<h5 data-count='2' class='shortcode_toggles_item_title acc_togg_title expanded_no'><span>Bentonite<\/span><\/h5>\r\n\t\t<div class='shortcode_toggles_item_body acc_togg_body'>\r\n\t\t    <div class='ip'><p>Argile naturelle st&eacute;rilis&eacute;e agissant comme agent affineur que vous pouvez acheter dans toutes boutiques de vinification.<\/p><\/div>\r\n        <\/div>\r\n\t\t<h5 data-count='3' class='shortcode_toggles_item_title acc_togg_title expanded_no'><span>Bonde hydraulique <\/span><\/h5>\r\n\t\t<div class='shortcode_toggles_item_body acc_togg_body'>\r\n\t\t    <div class='ip'><p>Con&ccedil;ue express&eacute;ment pour pr&eacute;venir que les bact&eacute;ries, les micro-organismes et l&rsquo;oxyg&egrave;ne ne p&eacute;n&egrave;trent dans votre vin tout en permettant au dioxyde de carbone produit de s&rsquo;&eacute;vacuer du vin en fermentation. Retirez le bouchon et remplissez la bonde &agrave; moiti&eacute; avec une solution sulfit&eacute;e. Replacez le bouchon et installez le bouchon trou&eacute;\/le bouchon de caoutchouc avec la bonde hydraulique dans le goulot de la tourie.<\/p>\r\n<p><img loading=\"lazy\" decoding=\"async\" src=\"\/fr\/wp-content\/uploads\/sites\/5\/2017\/08\/Airlock.jpg\" alt=\"Airlock\" width=\"220\" height=\"220\" \/><\/p><\/div>\r\n        <\/div>\r\n\t\t<h5 data-count='4' class='shortcode_toggles_item_title acc_togg_title expanded_no'><span>Bouchon (plein) <\/span><\/h5>\r\n\t\t<div class='shortcode_toggles_item_body acc_togg_body'>\r\n\t\t    <div class='ip'><p>S&rsquo;ajuste sur le goulot de la tourie afin de pr&eacute;venir l&rsquo;oxydation et la pr&eacute;sence de contaminants dans le vin. Ce bouchon est seulement utilis&eacute; apr&egrave;s que le vin ait &eacute;t&eacute; compl&egrave;tement d&eacute;gaz&eacute;.<\/p>\r\n<p><img loading=\"lazy\" decoding=\"async\" src=\"\/fr\/wp-content\/uploads\/sites\/5\/2017\/08\/BoredStopper.jpg\" alt=\"Bouchon\" width=\"220\" height=\"220\" \/><\/p><\/div>\r\n        <\/div>\r\n\t\t<h5 data-count='5' class='shortcode_toggles_item_title acc_togg_title expanded_no'><span>Bouchon perfor\u00e9\/Bouchon de caoutchouc (avec trou) <\/span><\/h5>\r\n\t\t<div class='shortcode_toggles_item_body acc_togg_body'>\r\n\t\t    <div class='ip'><p>Utilis&eacute; de pair avec une bonde hydraulique durant le processus de fermentation &ndash; s&rsquo;ajuste au goulot de la tourie.<\/p>\r\n<p><img loading=\"lazy\" decoding=\"async\" src=\"\/fr\/wp-content\/uploads\/sites\/5\/2017\/08\/Bored-Stopper.jpg\" alt=\"Bouchon perfor&eacute;\" width=\"220\" height=\"220\" \/><\/p><\/div>\r\n        <\/div>\r\n\t\t<h5 data-count='6' class='shortcode_toggles_item_title acc_togg_title expanded_no'><span>Chaptalisation<\/span><\/h5>\r\n\t\t<div class='shortcode_toggles_item_body acc_togg_body'>\r\n\t\t    <div class='ip'><p>Un processus utilis&eacute; principalement avec les vins de dessert qui requi&egrave;rent l&rsquo;addition de sucre afin d&rsquo;augmenter le contenu en alcool et le niveau de sucrosit&eacute; du vin fini. Veuillez r&eacute;f&eacute;rer &agrave; vos instructions pour les d&eacute;tails sp&eacute;cifiques dans l&rsquo;&eacute;ventualit&eacute; o&ugrave; votre trousse n&eacute;cessiterait la r&eacute;alisation de cette &eacute;tape.<\/p><\/div>\r\n        <\/div>\r\n\t\t<h5 data-count='7' class='shortcode_toggles_item_title acc_togg_title expanded_no'><span>Chitosane (ky-toe-zan) <\/span><\/h5>\r\n\t\t<div class='shortcode_toggles_item_body acc_togg_body'>\r\n\t\t    <div class='ip'><p>Un agent affineur qui se lie aux particules en suspension dans le vin afin de faciliter la clarification. Le Chitosane est un d&eacute;riv&eacute; de la carapace des crustac&eacute;s et est utilis&eacute; de pair avec le Kieselsol (un autre agent affineur).<\/p><\/div>\r\n        <\/div>\r\n\t\t<h5 data-count='8' class='shortcode_toggles_item_title acc_togg_title expanded_no'><span>Clarification<\/span><\/h5>\r\n\t\t<div class='shortcode_toggles_item_body acc_togg_body'>\r\n\t\t    <div class='ip'><p>Permet de clarifier le vin en retirant les particules en suspension g&eacute;n&eacute;r&eacute;es par le processus de vinification.<\/p><\/div>\r\n        <\/div>\r\n\t\t<h5 data-count='9' class='shortcode_toggles_item_title acc_togg_title expanded_no'><span>Cuve de fermentation primaire<\/span><\/h5>\r\n\t\t<div class='shortcode_toggles_item_body acc_togg_body'>\r\n\t\t    <div class='ip'><p>Cuve de plastique de grade alimentaire et couvercle, d&rsquo;une capacit&eacute; sup&eacute;rieure d&rsquo;au moins 18 litres (5 gallons) &agrave; la capacit&eacute; requise pour votre trousse de vinification. Ceci laissera suffisamment d&rsquo;espace pour &eacute;viter que la formation de bulles et de mousse lors de la fermentation ne cr&eacute;e un d&eacute;bordement de liquide.<\/p>\r\n<p><img loading=\"lazy\" decoding=\"async\" src=\"\/fr\/wp-content\/uploads\/sites\/5\/2017\/08\/PrimaryFermenter-small.jpg\" alt=\"Cuve de fermentation primaire\" width=\"220\" height=\"220\" \/><\/p><\/div>\r\n        <\/div>\r\n\t\t<h5 data-count='10' class='shortcode_toggles_item_title acc_togg_title expanded_no'><span>D\u00e9gazage <\/span><\/h5>\r\n\t\t<div class='shortcode_toggles_item_body acc_togg_body'>\r\n\t\t    <div class='ip'><p>Processus permettant de retirer le dioxyde de carbone (CO2) suspendu dans le vin en brassant vigoureusement ou en utilisant une tige de d&eacute;gazage. C&rsquo;est une &eacute;tape critique du processus de vinification car le vin ne pourra pas se clarifier s&rsquo;il n&rsquo;est pas d&eacute;gaz&eacute; ad&eacute;quatement.<\/p><\/div>\r\n        <\/div>\r\n\t\t<h5 data-count='11' class='shortcode_toggles_item_title acc_togg_title expanded_no'><span>Densim\u00e8tre (hydrom\u00e8tre)<\/span><\/h5>\r\n\t\t<div class='shortcode_toggles_item_body acc_togg_body'>\r\n\t\t    <div class='ip'><p>Un densim&egrave;tre (voir l&rsquo;image ci-dessous) permet de mesurer la gravit&eacute; sp&eacute;cifique (G.S.) afin de contr&ocirc;ler la progression de la fermentation. Au fur et &agrave; mesure que le sucre d&rsquo;une densit&eacute; plus &eacute;lev&eacute;e est converti en alcool d&rsquo;une densit&eacute; plus faible, la G.S. affich&eacute;e sur le densim&egrave;tre diminue.<\/p>\r\n<p><img loading=\"lazy\" decoding=\"async\" src=\"\/fr\/wp-content\/uploads\/sites\/5\/2017\/08\/Hydrometer.jpg\" alt=\"Densim&egrave;tre\" width=\"220\" height=\"220\" \/><\/p><\/div>\r\n        <\/div>\r\n\t\t<h5 data-count='12' class='shortcode_toggles_item_title acc_togg_title expanded_no'><span>Gravit\u00e9 sp\u00e9cifique (G.S.) (Densit\u00e9) <\/span><\/h5>\r\n\t\t<div class='shortcode_toggles_item_body acc_togg_body'>\r\n\t\t    <div class='ip'><p>Repr&eacute;sente la mesure de la densit&eacute; du vin permettant d&rsquo;effectuer le suivi appropri&eacute; de la progression de la fermentation. Au fur et &agrave; mesure que le sucre d&rsquo;une densit&eacute; plus &eacute;lev&eacute;e est converti en alcool d&rsquo;une densit&eacute; plus faible, la G.S. affich&eacute;e sur le densim&egrave;tre diminue. En utilisant cette information, vous serez capable de d&eacute;terminer si votre vin fermente bien et quand cette fermentation sera compl&eacute;t&eacute;e. Cette mesure est obtenue gr&acirc;ce &agrave; l&rsquo;utilisation d&rsquo;un densim&egrave;tre (hydrom&egrave;tre). <a href=\"\/fr\/comment-utiliser-un-densimetre\/\">Cliquez ici<\/a> pour de plus amples informations &agrave; ce sujet.<\/p><\/div>\r\n        <\/div>\r\n\t\t<h5 data-count='13' class='shortcode_toggles_item_title acc_togg_title expanded_no'><span>Kieselsol (key-sel-sol) <\/span><\/h5>\r\n\t\t<div class='shortcode_toggles_item_body acc_togg_body'>\r\n\t\t    <div class='ip'><p>Un agent affineur qui se lie aux particules en suspension dans le vin afin de faciliter la clarification. Il est utilis&eacute; de pair avec le Chitosane pour la clarification et il est constitu&eacute; de dioxyde de silicium (silice).<\/p><\/div>\r\n        <\/div><\/div><\/div><!-- .module_cont --><div style='padding-bottom:30px;' class='span6  module_number_6 module_cont  module_faq'><div class='shortcode_toggles toggles'>\r\n\t\t<h5 data-count='14' class='shortcode_toggles_item_title acc_togg_title expanded_no'><span>Isinglass (eye-sing-las) (ichtyocolle) <\/span><\/h5>\r\n\t\t<div class='shortcode_toggles_item_body acc_togg_body'>\r\n\t\t    <div class='ip'><p>Un agent affineur qui se lie avec les particules en suspension dans le vin afin d&rsquo;en permettre la clarification. L&rsquo;Isinglass est une forme de collag&egrave;ne qui provient des vessies natatoires s&eacute;ch&eacute;es des poissons.<\/p><\/div>\r\n        <\/div>\r\n\t\t<h5 data-count='15' class='shortcode_toggles_item_title acc_togg_title expanded_no'><span>Lies ou s\u00e9diment <\/span><\/h5>\r\n\t\t<div class='shortcode_toggles_item_body acc_togg_body'>\r\n\t\t    <div class='ip'><p>Form&eacute;s par les levures mortes et les autres particules qui coulent au fond de la cuve de fermentation primaire ou de la tourie au cours du processus de vinification. Pas tr&egrave;s esth&eacute;tique &agrave; voir, mais constituant une &eacute;tape naturelle du processus de vinification &ndash; vous les laisserez derri&egrave;re lors du soutirage.<\/p><\/div>\r\n        <\/div>\r\n\t\t<h5 data-count='16' class='shortcode_toggles_item_title acc_togg_title expanded_no'><span>M\u00e9tabisulfite de Potassium <\/span><\/h5>\r\n\t\t<div class='shortcode_toggles_item_body acc_togg_body'>\r\n\t\t    <div class='ip'><p>Un stabilisant utilis&eacute; durant le processus de vinification, celui-ci permet d&rsquo;arr&ecirc;ter la croissance de la levure une fois que le niveau de G.S. d&eacute;sir&eacute; est atteint et sert &agrave; pr&eacute;venir la contamination en retirant l&rsquo;oxyg&egrave;ne dont ont besoin les mol&eacute;cules vivantes (bact&eacute;ries, levures r&eacute;siduelles, micro-organismes, etc.) pr&eacute;sentes dans votre vin pour survivre. Int&eacute;gr&eacute; dans une solution, celle-ci est utilis&eacute;e comme d&eacute;sinfectant efficace pour vos &eacute;quipements.<\/p><\/div>\r\n        <\/div>\r\n\t\t<h5 data-count='17' class='shortcode_toggles_item_title acc_togg_title expanded_no'><span>Oxydation<\/span><\/h5>\r\n\t\t<div class='shortcode_toggles_item_body acc_togg_body'>\r\n\t\t    <div class='ip'><p>La d&eacute;gradation du vin (perte de saveur et de couleur) lorsqu&rsquo;expos&eacute; &agrave; une trop grande pr&eacute;sence d&rsquo;oxyg&egrave;ne durant le processus de fermentation ou apr&egrave;s l&rsquo;embouteillage. Suivez les instructions de votre trousse afin de vous assurer que l&rsquo;oxyg&egrave;ne est introduit de la bonne fa&ccedil;on et au moment opportun pour s&rsquo;assurer que votre vin demeure &agrave; son mieux lorsqu&rsquo;il fermente et qu&rsquo;il vieillit.<\/p><\/div>\r\n        <\/div>\r\n\t\t<h5 data-count='18' class='shortcode_toggles_item_title acc_togg_title expanded_no'><span>Remplisseuse \u00e0 bouteilles <\/span><\/h5>\r\n\t\t<div class='shortcode_toggles_item_body acc_togg_body'>\r\n\t\t    <div class='ip'><p>&Eacute;quipement permettant de transf&eacute;rer un liquide une fois ins&eacute;r&eacute; dans une bouteille et qui arr&ecirc;te le d&eacute;bit du liquide d&egrave;s qu&rsquo;il est retir&eacute; de la bouteille &ndash; une fa&ccedil;on tr&egrave;s rapide et tr&egrave;s facile de remplir vos bouteilles!<\/p>\r\n<p><img loading=\"lazy\" decoding=\"async\" src=\"\/fr\/wp-content\/uploads\/sites\/5\/2017\/08\/BottleFiller.jpg\" alt=\"Remplisseuse &agrave; bouteilles\" width=\"220\" height=\"220\" \/><\/p><\/div>\r\n        <\/div>\r\n\t\t<h5 data-count='19' class='shortcode_toggles_item_title acc_togg_title expanded_no'><span>Sorbate de Potassium<\/span><\/h5>\r\n\t\t<div class='shortcode_toggles_item_body acc_togg_body'>\r\n\t\t    <div class='ip'><p>Un stabilisant qui est utilis&eacute; de pair avec le m&eacute;tabisulfite de potassium afin d&rsquo;emp&ecirc;cher toute croissance additionnelle de levures une fois que le niveau d&eacute;sir&eacute; de G.S. est atteint et pr&eacute;vient toute contamination en bloquant la reproduction des bact&eacute;ries, des levures r&eacute;siduelles et des micro-organismes pr&eacute;sents dans votre vin.<\/p><\/div>\r\n        <\/div>\r\n\t\t<h5 data-count='20' class='shortcode_toggles_item_title acc_togg_title expanded_no'><span>Solution sulfit\u00e9e <\/span><\/h5>\r\n\t\t<div class='shortcode_toggles_item_body acc_togg_body'>\r\n\t\t    <div class='ip'><p>Un d&eacute;sinfectant &eacute;labor&eacute; &agrave; partir de M&eacute;tabisulfite de potassium qui doit imp&eacute;rativement &ecirc;tre utilis&eacute; sur toutes les pi&egrave;ces d&rsquo;&eacute;quipement utilis&eacute;es au cours du processus de vinification. <a href=\"\/fr\/wp-admin\/\">Cliquez ici<\/a> pour des instructions simples et faciles sur la fa&ccedil;on de fabriquer votre propre solution.<\/p><\/div>\r\n        <\/div>\r\n\t\t<h5 data-count='21' class='shortcode_toggles_item_title acc_togg_title expanded_no'><span>Soutirage<\/span><\/h5>\r\n\t\t<div class='shortcode_toggles_item_body acc_togg_body'>\r\n\t\t    <div class='ip'><p>Le transfert du vin d&rsquo;un contenant &agrave; un autre afin de faciliter la clarification et le vieillissement du vin tout en permettant &eacute;galement de laisser les s&eacute;diments derri&egrave;re lors du soutirage. Il est effectu&eacute; en utilisant un siphon et un boyau (ainsi qu&rsquo;avec un petit coup de main de la gravit&eacute;!)<\/p><\/div>\r\n        <\/div>\r\n\t\t<h5 data-count='22' class='shortcode_toggles_item_title acc_togg_title expanded_no'><span>Stabilisation<\/span><\/h5>\r\n\t\t<div class='shortcode_toggles_item_body acc_togg_body'>\r\n\t\t    <div class='ip'><p>Le processus permettant d&rsquo;arr&ecirc;ter la fermentation une fois que le niveau d&eacute;sir&eacute; de gravit&eacute; sp&eacute;cifique (G.S.) est atteint avec l&rsquo;aide du M&eacute;tabisulfite de potassium et du Sorbate de potassium.<\/p><\/div>\r\n        <\/div>\r\n\t\t<h5 data-count='23' class='shortcode_toggles_item_title acc_togg_title expanded_no'><span>St\u00e9rilisation (d\u00e9sinfection) <\/span><\/h5>\r\n\t\t<div class='shortcode_toggles_item_body acc_togg_body'>\r\n\t\t    <div class='ip'><p>Op&eacute;ration qui consiste &agrave; traiter vos &eacute;quipements avec un produit chimique afin d&rsquo;arr&ecirc;ter ou de pr&eacute;venir la croissance d&rsquo;organismes non d&eacute;sir&eacute;s qui pourraient contaminer votre vin. Une des &eacute;tapes les plus importantes du processus de vinification!<\/p><\/div>\r\n        <\/div>\r\n\t\t<h5 data-count='24' class='shortcode_toggles_item_title acc_togg_title expanded_no'><span>Tamisage<\/span><\/h5>\r\n\t\t<div class='shortcode_toggles_item_body acc_togg_body'>\r\n\t\t    <div class='ip'><p>L&rsquo;agitation d&eacute;licate de la tourie afin de d&eacute;loger toutes particules de levures ou tout s&eacute;diment qui auraient pu adh&eacute;rer &agrave; la paroi de la tourie et ainsi les faire couler au fond de celle-ci. Ceci vous permettra plus ais&eacute;ment d&rsquo;effectuer une bonne clarification de votre vin.<\/p><\/div>\r\n        <\/div>\r\n\t\t<h5 data-count='25' class='shortcode_toggles_item_title acc_togg_title expanded_no'><span>Tige de d\u00e9gazage <\/span><\/h5>\r\n\t\t<div class='shortcode_toggles_item_body acc_togg_body'>\r\n\t\t    <div class='ip'><p>Un outil servant &agrave; retirer le dioxyde de carbone (CO2) du vin. Il s&rsquo;agit de la fa&ccedil;on la plus rapide et la plus facile de d&eacute;gazer le vin. Se fixe au bout d&rsquo;une perceuse &eacute;lectrique &ndash; pratique ET amusant!<\/p>\r\n<p><img loading=\"lazy\" decoding=\"async\" src=\"\/fr\/wp-content\/uploads\/sites\/5\/2017\/08\/DegassingTool.jpg\" alt=\"Tige de d&eacute;gazage\" width=\"220\" height=\"220\" \/><\/p><\/div>\r\n        <\/div>\r\n\t\t<h5 data-count='26' class='shortcode_toggles_item_title acc_togg_title expanded_no'><span>Tourie<\/span><\/h5>\r\n\t\t<div class='shortcode_toggles_item_body acc_togg_body'>\r\n\t\t    <div class='ip'><p>Contenant de verre ou de plastique muni d&rsquo;un goulot &eacute;troit. Les formats les plus commun&eacute;ment utilis&eacute;s (dont vous retrouverez les images ci-dessous) sont 23 litres (6 gallons) et 12 litres (2 gallons), mais elles peuvent &eacute;galement &ecirc;tre disponibles en plusieurs formats.<\/p>\r\n<p><img loading=\"lazy\" decoding=\"async\" src=\"\/fr\/wp-content\/uploads\/sites\/5\/2017\/08\/Carboys-small.jpg\" alt=\"Tourie\" width=\"220\" height=\"220\" \/><\/p><\/div>\r\n        <\/div>\r\n\t\t<h5 data-count='27' class='shortcode_toggles_item_title acc_togg_title expanded_no'><span>Voleur \u00e0 vin <\/span><\/h5>\r\n\t\t<div class='shortcode_toggles_item_body acc_togg_body'>\r\n\t\t    <div class='ip'><p>Un instrument pratique permettant de pr&eacute;lever des &eacute;chantillons dans la cuve de fermentation primaire et la tourie. Dans le cas qui nous concerne, il ne s&rsquo;agit pas d&rsquo;une personne louche ne poss&eacute;dant pas vos connaissances qui d&eacute;ciderait d&rsquo;&eacute;chantillonner votre vin (bien que vous puissiez fort bien vous permettre quelques pr&eacute;l&egrave;vements comme ceux-ci en raison des d&eacute;licieuses cuv&eacute;es que vous &eacute;laborez &ndash; Difficile d&rsquo;y r&eacute;sister!).<\/p>\r\n<p><img loading=\"lazy\" decoding=\"async\" src=\"\/fr\/wp-content\/uploads\/sites\/5\/2017\/08\/WineThief.jpg\" alt=\"Voleur &agrave; vin\" width=\"220\" height=\"220\" \/><\/p><\/div>\r\n        <\/div><\/div><\/div><!-- .module_cont --><\/div>","protected":false},"excerpt":{"rendered":"<p>Glossaire EN \/ FR Agents affineurs (clarifiants) Additifs qui se lient aux particules en suspension dans le vin afin d&rsquo;en faciliter la clarification. Auto-siphon\/Siphon et tube de soutirage Utilis&eacute;s pour transf&eacute;rer le vin d&rsquo;un contenant &agrave; l&rsquo;autre tout en ne soutirant pas les s&eacute;diments. L&rsquo;auto-siphon (dont l&rsquo;image appara&icirc;t ci-dessous avec un tube de soutirage en acrylique de grade alimentaire) est plus facile &agrave; utiliser que le siphon de base &ndash; Il ne requiert que trois mouvements de pompage pour fonctionner et le vin commencera &agrave; circuler. Bentonite Argile naturelle st&eacute;rilis&eacute;e agissant comme agent affineur que vous pouvez acheter dans toutes boutiques de vinification. Bonde hydraulique Con&ccedil;ue express&eacute;ment pour pr&eacute;venir que les bact&eacute;ries, les micro-organismes et l&rsquo;oxyg&egrave;ne ne p&eacute;n&egrave;trent dans votre vin tout en permettant au dioxyde de carbone produit de s&rsquo;&eacute;vacuer du vin en fermentation. Retirez le bouchon et remplissez la bonde &agrave; moiti&eacute; avec une solution sulfit&eacute;e. Replacez le bouchon et installez le bouchon trou&eacute;\/le bouchon de caoutchouc avec la bonde hydraulique dans le goulot de la tourie. Bouchon (plein) S&rsquo;ajuste sur le goulot de la tourie afin de pr&eacute;venir l&rsquo;oxydation et la pr&eacute;sence de contaminants dans le vin. Ce bouchon est seulement utilis&eacute; apr&egrave;s que le vin ait [&hellip;]<\/p>\n","protected":false},"author":2,"featured_media":0,"parent":0,"menu_order":0,"comment_status":"closed","ping_status":"closed","template":"","meta":{"footnotes":""},"class_list":["post-24","page","type-page","status-publish","hentry"],"_links":{"self":[{"href":"https:\/\/winemakerschool.com\/fr\/wp-json\/wp\/v2\/pages\/24","targetHints":{"allow":["GET"]}}],"collection":[{"href":"https:\/\/winemakerschool.com\/fr\/wp-json\/wp\/v2\/pages"}],"about":[{"href":"https:\/\/winemakerschool.com\/fr\/wp-json\/wp\/v2\/types\/page"}],"author":[{"embeddable":true,"href":"https:\/\/winemakerschool.com\/fr\/wp-json\/wp\/v2\/users\/2"}],"replies":[{"embeddable":true,"href":"https:\/\/winemakerschool.com\/fr\/wp-json\/wp\/v2\/comments?post=24"}],"version-history":[{"count":1,"href":"https:\/\/winemakerschool.com\/fr\/wp-json\/wp\/v2\/pages\/24\/revisions"}],"predecessor-version":[{"id":251,"href":"https:\/\/winemakerschool.com\/fr\/wp-json\/wp\/v2\/pages\/24\/revisions\/251"}],"wp:attachment":[{"href":"https:\/\/winemakerschool.com\/fr\/wp-json\/wp\/v2\/media?parent=24"}],"curies":[{"name":"wp","href":"https:\/\/api.w.org\/{rel}","templated":true}]}}