{"id":22,"date":"2017-08-09T00:11:20","date_gmt":"2017-08-09T00:11:20","guid":{"rendered":"http:\/\/winemakerschool.com\/fr\/?page_id=22"},"modified":"2017-08-31T01:28:41","modified_gmt":"2017-08-31T01:28:41","slug":"preparation","status":"publish","type":"page","link":"https:\/\/winemakerschool.com\/fr\/preparation\/","title":{"rendered":"Pr\u00e9paration"},"content":{"rendered":"<div class='row'><div style='padding-bottom:30px;' class='span12 first-module module_number_1 module_cont  module_text_area'>\r\n                <div class='module_content'>\r\n                    \r\n                <\/div><\/div><!-- .module_cont --><\/div><div class='row'><div style='padding-bottom:15px;' class='span12  module_number_2 module_cont  module_title'><div class='bg_title'><h4 style='' class='headInModule'>Pr\u00e9paration<\/h4><\/div><\/div><!-- .module_cont --><\/div><div class='row'><div style='padding-bottom:30px;' class='span12  module_number_3 module_cont  module_divider'><hr class=\" \"><\/div><!-- .module_cont --><\/div><div class='row'><div style='padding-bottom:30px;' class='span3  module_number_4 module_cont  module_text_area'>\r\n                <div class='module_content'>\r\n                    <p><a href=\"\/fr\/nutritionallergies\/\"><img loading=\"lazy\" decoding=\"async\" src=\"\/fr\/wp-content\/uploads\/sites\/5\/2017\/08\/allergiesnutrition-02.jpg\" alt=\"Allergies\/Nutrition\" width=\"215\" height=\"50\" \/><\/a><br \/><a href=\"\/fr\/preparation\/\"><img loading=\"lazy\" decoding=\"async\" src=\"\/fr\/wp-content\/uploads\/sites\/5\/2017\/08\/prep-02.jpg\" alt=\"Prep\" width=\"215\" height=\"50\" \/><\/a><br \/><a href=\"\/fr\/fermentation\/\"><img loading=\"lazy\" decoding=\"async\" src=\"\/fr\/wp-content\/uploads\/sites\/5\/2017\/08\/fermentation-02.jpg\" alt=\"Fermentation\" width=\"215\" height=\"50\" \/><\/a><br \/><a href=\"\/fr\/gravite-specifique\/\"><img loading=\"lazy\" decoding=\"async\" src=\"\/fr\/wp-content\/uploads\/sites\/5\/2017\/08\/gravitespecifique-02.jpg\" alt=\"Gravite Specifique\" width=\"215\" height=\"50\" \/><\/a><br \/><a href=\"\/fr\/autres-questions\/\"><img loading=\"lazy\" decoding=\"async\" src=\"\/fr\/wp-content\/uploads\/sites\/5\/2017\/08\/autresquestions-02.jpg\" alt=\"Autres Questions\" width=\"215\" height=\"50\" \/><\/a><br \/><a href=\"\/fr\/clarification\/\"><img loading=\"lazy\" decoding=\"async\" src=\"\/fr\/wp-content\/uploads\/sites\/5\/2017\/08\/clarification-02.jpg\" alt=\"Clarification\" width=\"215\" height=\"50\" \/><\/a><br \/><a href=\"\/fr\/vieillissemententreposage\/\"><img loading=\"lazy\" decoding=\"async\" src=\"\/fr\/wp-content\/uploads\/sites\/5\/2017\/08\/vieillissemententreposage-02.jpg\" alt=\"Vieillissement\/Entreposage\" width=\"215\" height=\"50\" \/><\/a><\/p>\r\n                <\/div><\/div><!-- .module_cont --><div style='padding-bottom:30px;' class='span4  module_number_5 module_cont  module_toggle'><div class='shortcode_toggles toggles'>\r\n\t\t<h5 data-count='' class='shortcode_toggles_item_title acc_togg_title expanded_no'><span>Pourquoi les \u00e9tapes du nettoyage et de la st\u00e9rilisation sont-elles si importantes? <\/span><\/h5>\r\n\t\t<div class='shortcode_toggles_item_body acc_togg_body'>\r\n\t\t    <div class='ip'><p>Il faut toujours &ecirc;tre propre (et hygi&eacute;nique), n&rsquo;est-ce pas? Pour profiter de la meilleure exp&eacute;rience de vinification possible, il faut vous assurer que votre &eacute;quipement soit dans la meilleure condition possible et nettoy&eacute; de fa&ccedil;on impeccable. Sans un nettoyage ad&eacute;quat et une st&eacute;rilisation appropri&eacute;e, vous risquez d&rsquo;avoir maille &agrave; partir avec des bact&eacute;ries, des moisissures, des levures sauvages ainsi que bien d&rsquo;autres &eacute;l&eacute;ments ind&eacute;sirables qui pourraient d&eacute;truire une cuv&eacute;e enti&egrave;re de vin. La plupart des &eacute;checs des vinificateurs sont le r&eacute;sultat d&rsquo;un nettoyage et\/ou d&rsquo;une st&eacute;rilisation inappropri&eacute;s.<\/p>\r\n<p>&bull; C&rsquo;est important de se rappeler que le nettoyage et la st&eacute;rilisation sont deux choses diff&eacute;rentes. Le nettoyage retire les d&eacute;p&ocirc;ts (c.-&agrave;-d. la poussi&egrave;re, les s&eacute;diments) de vos &eacute;quipements tandis que la st&eacute;rilisation traite chimiquement vos &eacute;quipements pour &eacute;liminer ou pr&eacute;venir le d&eacute;veloppement de ces petites choses que nous ne voyons pas (c.-&agrave;-d. les bact&eacute;ries, les levures ind&eacute;sirables ou autres) qui pourraient contaminer votre vin. Le fait que nous ne puissions pas les voir ne signifie aucunement qu&rsquo;elles ne sont pas pr&eacute;sentes! Bien que cela paraisse un peu complexe, vous devez nettoyer et st&eacute;riliser ad&eacute;quatement TOUT ce qui entre en contact avec votre vin au cours du processus de vinification incluant (mais s&rsquo;en s&rsquo;y limiter) le thermom&egrave;tre, la tourie, le siphon, le bouchon, la bonde hydraulique et m&ecirc;me vos mains. C&rsquo;est la meilleure fa&ccedil;on de vous assurer que vous pourrez ultimement appr&eacute;cier votre d&eacute;licieux produit final. Voir les d&eacute;tails pour '<strong>Comment nettoyer mon &eacute;quipement?<\/strong>\"<br \/><br \/>&bull; Vous pouvez utiliser toute une panoplie de nettoyants disponibles chez votre fournisseur local de produits pour la vinification ou en ligne. Le m&eacute;tabisulfite de potassium est recommand&eacute; comme d&eacute;sinfectant et est &agrave; la fois facile &agrave; pr&eacute;parer et &eacute;conomique &ndash; vous y gagnez &agrave; coup s&ucirc;r, n&rsquo;est-ce pas? <a href=\"\/fr\/comment-fabriquer-et-utiliser-une-solution-de-sulfite\/\">Cliquez ici<\/a> pour trouver les instructions de pr&eacute;paration de votre propre solution de sulfite pour la st&eacute;rilisation de vos &eacute;quipements.<\/p><\/div>\r\n        <\/div>\r\n\t\t<h5 data-count='1' class='shortcode_toggles_item_title acc_togg_title expanded_no'><span>Comment fabrique-t-on une solution de sulfite? <\/span><\/h5>\r\n\t\t<div class='shortcode_toggles_item_body acc_togg_body'>\r\n\t\t    <div class='ip'><p>Faites dissoudre 50 g (3 c. &agrave; table) de m&eacute;tabisulfite en poudre dans 4 litres (environ un gallon) d&rsquo;eau fra&icirc;che. Immergez ou vaporisez toutes les pi&egrave;ces d&rsquo;&eacute;quipement avec cette solution. Rincez soigneusement avec de l&rsquo;eau fra&icirc;che et laissez &eacute;goutter toutes les pi&egrave;ces. Vous pouvez entreposer la solution de sulfite restante dans un contenant soigneusement ferm&eacute; pendant une p&eacute;riode de deux mois.<\/p><\/div>\r\n        <\/div><\/div><\/div><!-- .module_cont --><div style='padding-bottom:30px;' class='span4  module_number_6 module_cont  module_toggle'><div class='shortcode_toggles toggles'>\r\n\t\t<h5 data-count='2' class='shortcode_toggles_item_title acc_togg_title expanded_no'><span>Comment dois-je nettoyer mon \u00e9quipement? <\/span><\/h5>\r\n\t\t<div class='shortcode_toggles_item_body acc_togg_body'>\r\n\t\t    <div class='ip'><p>Vous devez soigneusement nettoyer et st&eacute;riliserTOUT ce qui entre en contact avec votre vin au cours du processus de vinification (&eacute;quipement, et m&ecirc;me vos mains) en utilisant le processus en deux &eacute;tapes qui suit :<\/p>\r\n<p>&bull; Nettoyage : Utilisez un nettoyant sp&eacute;cifique &agrave; la vinification (disponible dans tous les magasins d&rsquo;&eacute;quipement pour la vinification) en suivant les instructions. Apr&egrave;s le nettoyage, assurez-vous que toutes les pi&egrave;ces soient soigneusement rinc&eacute;es.<br \/>&bull; St&eacute;rilisation\/D&eacute;sinfection: Immergez ou vaporisez chaque pi&egrave;ce avec la solution de m&eacute;tabisulfite (<a href=\"\/fr\/comment-fabriquer-et-utiliser-une-solution-de-sulfite\/\">cliquez ici<\/a> pour les instructions de pr&eacute;paration). Assurez-vous que tous vos &eacute;quipements aient bien &eacute;t&eacute; rinc&eacute;s apr&egrave;s la st&eacute;rilisation.<\/p><\/div>\r\n        <\/div>\r\n\t\t<h5 data-count='3' class='shortcode_toggles_item_title acc_togg_title expanded_no'><span>Est-ce que le vin peut \u00eatre produit en double cuv\u00e9e? <\/span><\/h5>\r\n\t\t<div class='shortcode_toggles_item_body acc_togg_body'>\r\n\t\t    <div class='ip'><p>Oui, deux fois plus de vin, deux fois plus de plaisir! Vous devez vous rappeler de certaines choses si vous doublez une cuv&eacute;e :<\/p>\r\n<p>&bull; La cuve de fermentation primaire doit &ecirc;tre suffisamment grande pour recevoir facilement le contenu entier des deux sacs de jus (tout en laissant un espace suffisant pour la mousse se produisant au cours de la fermentation primaire) et de l&rsquo;eau additionnelle pouvant &ecirc;tre requise ainsi que les peaux de raisins (si incluses).<br \/>&bull; La tourie doit &ecirc;tre suffisamment grande pour permettre d&rsquo;y soutirer tout le vin. Assurez-vous d&rsquo;ajouter tous les additifs inclus dans les deux trousses (levures, agents clarifiants, sachets-F, ch&ecirc;ne, et autres) au moment requis, en suivant les instructions.<br \/>&bull; Il est recommand&eacute; d&rsquo;&eacute;laborer une double cuv&eacute;e avec le m&ecirc;me style de vin, car une combinaison de styles peut &ecirc;tre complexe et avoir une incidence n&eacute;gative sur le succ&egrave;s de la vinification de ces trousses.<\/p><\/div>\r\n        <\/div><\/div><\/div><!-- .module_cont --><\/div>","protected":false},"excerpt":{"rendered":"<p>Pr\u00e9paration Pourquoi les \u00e9tapes du nettoyage et de la st\u00e9rilisation sont-elles si importantes? Il faut toujours &ecirc;tre propre (et hygi&eacute;nique), n&rsquo;est-ce pas? Pour profiter de la meilleure exp&eacute;rience de vinification possible, il faut vous assurer que votre &eacute;quipement soit dans la meilleure condition possible et nettoy&eacute; de fa&ccedil;on impeccable. Sans un nettoyage ad&eacute;quat et une st&eacute;rilisation appropri&eacute;e, vous risquez d&rsquo;avoir maille &agrave; partir avec des bact&eacute;ries, des moisissures, des levures sauvages ainsi que bien d&rsquo;autres &eacute;l&eacute;ments ind&eacute;sirables qui pourraient d&eacute;truire une cuv&eacute;e enti&egrave;re de vin. La plupart des &eacute;checs des vinificateurs sont le r&eacute;sultat d&rsquo;un nettoyage et\/ou d&rsquo;une st&eacute;rilisation inappropri&eacute;s. &bull; C&rsquo;est important de se rappeler que le nettoyage et la st&eacute;rilisation sont deux choses diff&eacute;rentes. Le nettoyage retire les d&eacute;p&ocirc;ts (c.-&agrave;-d. la poussi&egrave;re, les s&eacute;diments) de vos &eacute;quipements tandis que la st&eacute;rilisation traite chimiquement vos &eacute;quipements pour &eacute;liminer ou pr&eacute;venir le d&eacute;veloppement de ces petites choses que nous ne voyons pas (c.-&agrave;-d. les bact&eacute;ries, les levures ind&eacute;sirables ou autres) qui pourraient contaminer votre vin. Le fait que nous ne puissions pas les voir ne signifie aucunement qu&rsquo;elles ne sont pas pr&eacute;sentes! Bien que cela paraisse un peu complexe, vous devez nettoyer et st&eacute;riliser ad&eacute;quatement TOUT ce qui entre en [&hellip;]<\/p>\n","protected":false},"author":2,"featured_media":0,"parent":0,"menu_order":0,"comment_status":"closed","ping_status":"closed","template":"","meta":{"footnotes":""},"class_list":["post-22","page","type-page","status-publish","hentry"],"_links":{"self":[{"href":"https:\/\/winemakerschool.com\/fr\/wp-json\/wp\/v2\/pages\/22","targetHints":{"allow":["GET"]}}],"collection":[{"href":"https:\/\/winemakerschool.com\/fr\/wp-json\/wp\/v2\/pages"}],"about":[{"href":"https:\/\/winemakerschool.com\/fr\/wp-json\/wp\/v2\/types\/page"}],"author":[{"embeddable":true,"href":"https:\/\/winemakerschool.com\/fr\/wp-json\/wp\/v2\/users\/2"}],"replies":[{"embeddable":true,"href":"https:\/\/winemakerschool.com\/fr\/wp-json\/wp\/v2\/comments?post=22"}],"version-history":[{"count":1,"href":"https:\/\/winemakerschool.com\/fr\/wp-json\/wp\/v2\/pages\/22\/revisions"}],"predecessor-version":[{"id":227,"href":"https:\/\/winemakerschool.com\/fr\/wp-json\/wp\/v2\/pages\/22\/revisions\/227"}],"wp:attachment":[{"href":"https:\/\/winemakerschool.com\/fr\/wp-json\/wp\/v2\/media?parent=22"}],"curies":[{"name":"wp","href":"https:\/\/api.w.org\/{rel}","templated":true}]}}