{"id":20,"date":"2017-08-09T00:00:39","date_gmt":"2017-08-09T00:00:39","guid":{"rendered":"http:\/\/winemakerschool.com\/fr\/?page_id=20"},"modified":"2017-08-25T01:19:24","modified_gmt":"2017-08-25T01:19:24","slug":"autres-questions","status":"publish","type":"page","link":"https:\/\/winemakerschool.com\/fr\/autres-questions\/","title":{"rendered":"Autres Questions"},"content":{"rendered":"<div class='row'><div style='padding-bottom:30px;' class='span12 first-module module_number_1 module_cont  module_text_area'>\r\n                <div class='module_content'>\r\n                    \r\n                <\/div><\/div><!-- .module_cont --><\/div><div class='row'><div style='padding-bottom:15px;' class='span12  module_number_2 module_cont  module_title'><div class='bg_title'><h4 style='' class='headInModule'>Autres Questions Relatives Au Processus<\/h4><\/div><\/div><!-- .module_cont --><\/div><div class='row'><div style='padding-bottom:30px;' class='span12  module_number_3 module_cont  module_divider'><hr class=\" \"><\/div><!-- .module_cont --><\/div><div class='row'><div style='padding-bottom:30px;' class='span3  module_number_4 module_cont  module_text_area'>\r\n                <div class='module_content'>\r\n                    <p><a href=\"\/fr\/nutritionallergies\/\"><img loading=\"lazy\" decoding=\"async\" src=\"\/fr\/wp-content\/uploads\/sites\/5\/2017\/08\/allergiesnutrition-02.jpg\" alt=\"Allergies\/Nutrition\" width=\"215\" height=\"50\" \/><\/a><br \/><a href=\"\/fr\/preparation\/\"><img loading=\"lazy\" decoding=\"async\" src=\"\/fr\/wp-content\/uploads\/sites\/5\/2017\/08\/prep-02.jpg\" alt=\"Prep\" width=\"215\" height=\"50\" \/><\/a><br \/><a href=\"\/fr\/fermentation\/\"><img loading=\"lazy\" decoding=\"async\" src=\"\/fr\/wp-content\/uploads\/sites\/5\/2017\/08\/fermentation-02.jpg\" alt=\"Fermentation\" width=\"215\" height=\"50\" \/><\/a><br \/><a href=\"\/fr\/gravite-specifique\/\"><img loading=\"lazy\" decoding=\"async\" src=\"\/fr\/wp-content\/uploads\/sites\/5\/2017\/08\/gravitespecifique-02.jpg\" alt=\"Gravite Specifique\" width=\"215\" height=\"50\" \/><\/a><br \/><a href=\"\/fr\/autres-questions\/\"><img loading=\"lazy\" decoding=\"async\" src=\"\/fr\/wp-content\/uploads\/sites\/5\/2017\/08\/autresquestions-02.jpg\" alt=\"Autres Questions\" width=\"215\" height=\"50\" \/><\/a><br \/><a href=\"\/fr\/clarification\/\"><img loading=\"lazy\" decoding=\"async\" src=\"\/fr\/wp-content\/uploads\/sites\/5\/2017\/08\/clarification-02.jpg\" alt=\"Clarification\" width=\"215\" height=\"50\" \/><\/a><br \/><a href=\"\/fr\/vieillissemententreposage\/\"><img loading=\"lazy\" decoding=\"async\" src=\"\/fr\/wp-content\/uploads\/sites\/5\/2017\/08\/vieillissemententreposage-02.jpg\" alt=\"Vieillissement\/Entreposage\" width=\"215\" height=\"50\" \/><\/a><\/p>\r\n                <\/div><\/div><!-- .module_cont --><div style='padding-bottom:30px;' class='span4  module_number_5 module_cont  module_toggle'><div class='shortcode_toggles toggles'>\r\n\t\t<h5 data-count='' class='shortcode_toggles_item_title acc_togg_title expanded_no'><span>Pourquoi est-ce si important de suivre les instructions? <\/span><\/h5>\r\n\t\t<div class='shortcode_toggles_item_body acc_togg_body'>\r\n\t\t    <div class='ip'><p>Il est important de suivre les instructions fournies avec votre trousse car elles ont &eacute;t&eacute; test&eacute;es dans un laboratoire professionnel en vue d&rsquo;obtenir les meilleurs r&eacute;sultats possibles. Les instructions peuvent &eacute;galement &ecirc;tre modifi&eacute;es de temps &agrave; autre selon les tests effectu&eacute;s par notre laboratoire en vue d&rsquo;obtenir les meilleurs r&eacute;sultats possibles, veuillez donc vous assurer de bien suivre les instructions actuelles (celles provenant de votre trousse) et non pas des versions pr&eacute;c&eacute;dentes.<\/p><\/div>\r\n        <\/div>\r\n\t\t<h5 data-count='1' class='shortcode_toggles_item_title acc_togg_title expanded_no'><span>Est-il possible que j\u2019effectue trop de brassage au Jour 1? <\/span><\/h5>\r\n\t\t<div class='shortcode_toggles_item_body acc_togg_body'>\r\n\t\t    <div class='ip'><p>L&rsquo;introduction d&rsquo;oxyg&egrave;ne dans le vin au Jour 1 contribue en fait &agrave; faire plaisir &agrave; la levure! Nous souhaitons &eacute;viter autant que possible le contact avec l&rsquo;oxyg&egrave;ne durant le reste du processus de vinification, mais au Jour 1 &ndash; laissez-vous aller! <a href=\"https:\/\/www.youtube.com\/watch?v=ATIdt1KlHkU\">Que signifie vraiment \"bien brasser\"<\/a><\/p><\/div>\r\n        <\/div>\r\n\t\t<h5 data-count='2' class='shortcode_toggles_item_title acc_togg_title expanded_no'><span>Pourquoi mon vin pr\u00e9sente-t-il une odeur bizarre pendant sa fermentation? <\/span><\/h5>\r\n\t\t<div class='shortcode_toggles_item_body acc_togg_body'>\r\n\t\t    <div class='ip'><p>Le vin poss&egrave;dera tout naturellement une odeur de levure durant la fermentation. Celle-ci se dissipera une fois que le vin aura termin&eacute; sa fermentation et vous pourrez d&egrave;s lors en appr&eacute;cier le magnifique bouquet.<\/p><\/div>\r\n        <\/div>\r\n\t\t<h5 data-count='3' class='shortcode_toggles_item_title acc_togg_title expanded_no'><span>Pourquoi mon vin est-il p\u00e9tillant? <\/span><\/h5>\r\n\t\t<div class='shortcode_toggles_item_body acc_togg_body'>\r\n\t\t    <div class='ip'><p>Le p&eacute;tillant d&rsquo;un vin est parfait, mais seulement s&rsquo;il s&rsquo;agit d&rsquo;un Prosecco ou d&rsquo;un champagne! Pour tout le reste, ceci d&eacute;pend habituellement de l&rsquo;une de ces deux raisons :<\/p>\r\n<p>&bull; Votre vin n&rsquo;a pas &eacute;t&eacute; suffisamment d&eacute;gaz&eacute; une fois stabilis&eacute;. La bouteille d&eacute;bouch&eacute;e, vous pouvez simplement secouer celle-ci plusieurs fois avec votre main sur le dessus de la bouteille afin de laisser &eacute;chapper le gaz qu&rsquo;il contient avant de servir votre vin.<br \/>&bull; Votre vin fermente &agrave; nouveau. Le vin peut &ecirc;tre stabilis&eacute; de nouveau en ajoutant &frac14; c. &agrave; th&eacute; de m&eacute;tabisulfite de potassium dans la tourie de vin et en lui permettant de reposer et de clarifier de nouveau, si requis.<\/p><\/div>\r\n        <\/div><\/div><\/div><!-- .module_cont --><div style='padding-bottom:30px;' class='span4  module_number_6 module_cont  module_toggle'><div class='shortcode_toggles toggles'>\r\n\t\t<h5 data-count='4' class='shortcode_toggles_item_title acc_togg_title expanded_no'><span>Comment puis-je savoir que mon vin est d\u00e9gaz\u00e9?  <\/span><\/h5>\r\n\t\t<div class='shortcode_toggles_item_body acc_togg_body'>\r\n\t\t    <div class='ip'><p>&bull; Go&ucirc;tez votre vin. Pr&eacute;levez un petit &eacute;chantillon de vin dans la tourie apr&egrave;s le d&eacute;gazage. Si le vin est l&eacute;g&egrave;rement p&eacute;tillant sur la langue, r&eacute;p&eacute;tez l&rsquo;&eacute;tape du d&eacute;gazage. &Agrave; cette &eacute;tape, il n&rsquo;aura pas le m&ecirc;me go&ucirc;t qu&rsquo;il poss&egrave;dera lors de l&rsquo;embouteillage.<br \/>&bull; Remplissez &agrave; demi une &eacute;prouvette avec le vin d&eacute;gaz&eacute; et secouez-la vigoureusement avec votre main recouvrant l&rsquo;ouverture. Si vous entendez un bruit sec, alors r&eacute;p&eacute;tez l&rsquo;&eacute;tape du d&eacute;gazage. Si le son entendu est tr&egrave;s l&eacute;ger, ceci indique donc que le vin est suffisamment d&eacute;gaz&eacute;.<\/p><\/div>\r\n        <\/div>\r\n\t\t<h5 data-count='5' class='shortcode_toggles_item_title acc_togg_title expanded_no'><span>Pourquoi mon vin blanc pr\u00e9sente-t-il une couleur jaune fonc\u00e9e ou mon vin rouge, une couleur brun\u00e2tre? <\/span><\/h5>\r\n\t\t<div class='shortcode_toggles_item_body acc_togg_body'>\r\n\t\t    <div class='ip'><p>Ces deux situations indiquent une oxydatrion. L&rsquo;oxyg&egrave;ne est &agrave; la fois votre ami et votre ennemi lorsqu&rsquo;il est question de vin. Il contribue &agrave; d&eacute;velopper les ar&ocirc;mes et &agrave; dissoudre les tannins pour vous donner une texture soyeuse en bouche lorsque vous venez de d&eacute;boucher une bouteille ou de vous verser un verre (oxyg&egrave;ne, tu es mon ami!). Si un surplus d&rsquo;oxyg&egrave;ne est introduit trop t&ocirc;t (c.-&agrave;-d. avant ou durant l&rsquo;embouteillage ou pendant que le vin vieillit), ces processus d&rsquo;a&eacute;ration seront trop longs. Ceci contribuera &agrave; d&eacute;grader le vin en alt&eacute;rant sa couleur et en lui faisant perdre des ar&ocirc;mes et des saveurs &ndash; c&rsquo;est la redoutable oxydation (si dommageable!). Malheureusement pour les bouteilles touch&eacute;es, il n&rsquo;y a aucune chance de pouvoir revenir en arri&egrave;re, mais, la bonne nouvelle, c&rsquo;est qu&rsquo;il y a diff&eacute;rentes fa&ccedil;ons de pr&eacute;venir une telle situation &agrave; l&rsquo;avenir :<\/p>\r\n<p>&bull; Ajoutez du sulfite avant l&rsquo;embouteillage tel qu&rsquo;indiqu&eacute; dans les instructions.<br \/>&bull; Remplissez les bouteilles afin de maintenir un espace inf&eacute;rieur &agrave; &frac14; po au bas du bouchon.<br \/>&bull; Assurez-vous que les bouchons sont ins&eacute;r&eacute;s de fa&ccedil;on herm&eacute;tique dans les bouteilles.<br \/>&bull; Entreposez le vin au frais et dans des conditions d&rsquo;&eacute;clairage faible &ndash; &eacute;vitez les sources de chaleur et l&rsquo;exposition &agrave; la lumi&egrave;re autant que possible.<\/p><\/div>\r\n        <\/div>\r\n\t\t<h5 data-count='6' class='shortcode_toggles_item_title acc_togg_title expanded_no'><span>Puis-je combler ma tourie de vin avec de l\u2019eau? <\/span><\/h5>\r\n\t\t<div class='shortcode_toggles_item_body acc_togg_body'>\r\n\t\t    <div class='ip'><p>Combler votre tourie de vin avec de l&rsquo;eau n&rsquo;est pas recommand&eacute;. Si vous avez besoin de combler votre tourie, l&rsquo;utilisation d&rsquo;un vin similaire est recommand&eacute;e.<\/p><\/div>\r\n        <\/div><\/div><\/div><!-- .module_cont --><\/div>","protected":false},"excerpt":{"rendered":"<p>Autres Questions Relatives Au Processus Pourquoi est-ce si important de suivre les instructions? Il est important de suivre les instructions fournies avec votre trousse car elles ont &eacute;t&eacute; test&eacute;es dans un laboratoire professionnel en vue d&rsquo;obtenir les meilleurs r&eacute;sultats possibles. Les instructions peuvent &eacute;galement &ecirc;tre modifi&eacute;es de temps &agrave; autre selon les tests effectu&eacute;s par notre laboratoire en vue d&rsquo;obtenir les meilleurs r&eacute;sultats possibles, veuillez donc vous assurer de bien suivre les instructions actuelles (celles provenant de votre trousse) et non pas des versions pr&eacute;c&eacute;dentes. Est-il possible que j\u2019effectue trop de brassage au Jour 1? L&rsquo;introduction d&rsquo;oxyg&egrave;ne dans le vin au Jour 1 contribue en fait &agrave; faire plaisir &agrave; la levure! Nous souhaitons &eacute;viter autant que possible le contact avec l&rsquo;oxyg&egrave;ne durant le reste du processus de vinification, mais au Jour 1 &ndash; laissez-vous aller! Que signifie vraiment &#8220;bien brasser&#8221; Pourquoi mon vin pr\u00e9sente-t-il une odeur bizarre pendant sa fermentation? Le vin poss&egrave;dera tout naturellement une odeur de levure durant la fermentation. Celle-ci se dissipera une fois que le vin aura termin&eacute; sa fermentation et vous pourrez d&egrave;s lors en appr&eacute;cier le magnifique bouquet. Pourquoi mon vin est-il p\u00e9tillant? Le p&eacute;tillant d&rsquo;un vin est parfait, mais seulement s&rsquo;il s&rsquo;agit [&hellip;]<\/p>\n","protected":false},"author":2,"featured_media":0,"parent":0,"menu_order":0,"comment_status":"closed","ping_status":"closed","template":"","meta":{"footnotes":""},"class_list":["post-20","page","type-page","status-publish","hentry"],"_links":{"self":[{"href":"https:\/\/winemakerschool.com\/fr\/wp-json\/wp\/v2\/pages\/20","targetHints":{"allow":["GET"]}}],"collection":[{"href":"https:\/\/winemakerschool.com\/fr\/wp-json\/wp\/v2\/pages"}],"about":[{"href":"https:\/\/winemakerschool.com\/fr\/wp-json\/wp\/v2\/types\/page"}],"author":[{"embeddable":true,"href":"https:\/\/winemakerschool.com\/fr\/wp-json\/wp\/v2\/users\/2"}],"replies":[{"embeddable":true,"href":"https:\/\/winemakerschool.com\/fr\/wp-json\/wp\/v2\/comments?post=20"}],"version-history":[{"count":1,"href":"https:\/\/winemakerschool.com\/fr\/wp-json\/wp\/v2\/pages\/20\/revisions"}],"predecessor-version":[{"id":231,"href":"https:\/\/winemakerschool.com\/fr\/wp-json\/wp\/v2\/pages\/20\/revisions\/231"}],"wp:attachment":[{"href":"https:\/\/winemakerschool.com\/fr\/wp-json\/wp\/v2\/media?parent=20"}],"curies":[{"name":"wp","href":"https:\/\/api.w.org\/{rel}","templated":true}]}}