{"id":199,"date":"2017-08-24T01:15:32","date_gmt":"2017-08-24T01:15:32","guid":{"rendered":"http:\/\/winemakerschool.com\/fr\/?page_id=199"},"modified":"2017-08-31T01:26:24","modified_gmt":"2017-08-31T01:26:24","slug":"telechargements-en-format-pdf","status":"publish","type":"page","link":"https:\/\/winemakerschool.com\/fr\/telechargements-en-format-pdf\/","title":{"rendered":"T\u00e9l\u00e9chargements en format PDF"},"content":{"rendered":"<div class='row'><div style='padding-bottom:30px;' class='span12 first-module module_number_1 module_cont  module_text_area'>\r\n                <div class='module_content'>\r\n                    \r\n                <\/div><\/div><!-- .module_cont --><\/div><div class='row'><div style='padding-bottom:15px;' class='span12  module_number_2 module_cont  module_title'><div class='bg_title'><h4 style='' class='headInModule'>T\u00e9l\u00e9chargements en format PDF<\/h4><\/div><\/div><!-- .module_cont --><\/div><div class='row'><div style='padding-bottom:30px;' class='span12  module_number_3 module_cont  module_divider'><hr class=\" \"><\/div><!-- .module_cont --><\/div><div class='row'><div style='padding-bottom:15px;' class='span4  module_number_4 module_cont  module_iconboxes'>\r\n\t\t\t<div class='module_content shortcode_iconbox'>\r\n\t\t\t\t<a target='_blank' href='http:\/\/winemakerschool.com\/fr\/wp-content\/uploads\/sites\/5\/2017\/08\/Comment-fabriquer-et-utiliser-une-solution-de-sulfite.pdf'>\r\n\t\t\t\t<div class='iconbox_wrapper'>\r\n\t\t\t\t\t<div class='iconbox_header'>\r\n\t\t\t\t\t\t<span class='ico'><i class=><\/i><\/span>\r\n\t\t\t\t\t\t<h5 class='iconbox_title'>Comment fabriquer et utiliser une solution de sulfite<\/h5>\r\n\t\t\t\t\t<\/div>\r\n\t\t\t\t\t<div class='iconbox_body'>\t\t\t\t\t\t\r\n\t\t\t\t\t\t<p>T&eacute;l&eacute;chargez le document PDF<\/p>\r\n\t\t\t\t\t<\/div>\t\t\t\t\t\r\n\t\t\t\t<\/div>\r\n\t\t\t\t<\/a>\r\n\t\t\t<\/div>\r\n\t\t\t<\/div><!-- .module_cont --><div style='padding-bottom:15px;' class='span4  module_number_5 module_cont  module_iconboxes'>\r\n\t\t\t<div class='module_content shortcode_iconbox'>\r\n\t\t\t\t<a target='_blank' href='http:\/\/winemakerschool.com\/fr\/wp-content\/uploads\/sites\/5\/2017\/08\/Comment-utiliser-un-densimetre.pdf'>\r\n\t\t\t\t<div class='iconbox_wrapper'>\r\n\t\t\t\t\t<div class='iconbox_header'>\r\n\t\t\t\t\t\t<span class='ico'><i class=><\/i><\/span>\r\n\t\t\t\t\t\t<h5 class='iconbox_title'>Comment utiliser un densim\u00e8tre<\/h5>\r\n\t\t\t\t\t<\/div>\r\n\t\t\t\t\t<div class='iconbox_body'>\t\t\t\t\t\t\r\n\t\t\t\t\t\t<p>T&eacute;l&eacute;chargez le document PDF<\/p>\r\n\t\t\t\t\t<\/div>\t\t\t\t\t\r\n\t\t\t\t<\/div>\r\n\t\t\t\t<\/a>\r\n\t\t\t<\/div>\r\n\t\t\t<\/div><!-- .module_cont --><div style='padding-bottom:15px;' class='span4  module_number_6 module_cont  module_iconboxes'>\r\n\t\t\t<div class='module_content shortcode_iconbox'>\r\n\t\t\t\t<a target='_blank' href='http:\/\/winemakerschool.com\/fr\/wp-content\/uploads\/sites\/5\/2017\/08\/Comment-tester-votre-densimetre.pdf'>\r\n\t\t\t\t<div class='iconbox_wrapper'>\r\n\t\t\t\t\t<div class='iconbox_header'>\r\n\t\t\t\t\t\t<span class='ico'><i class=><\/i><\/span>\r\n\t\t\t\t\t\t<h5 class='iconbox_title'>Comment tester votre densim\u00e8tre<\/h5>\r\n\t\t\t\t\t<\/div>\r\n\t\t\t\t\t<div class='iconbox_body'>\t\t\t\t\t\t\r\n\t\t\t\t\t\t<p>T&eacute;l&eacute;chargez le document PDF<\/p>\r\n\t\t\t\t\t<\/div>\t\t\t\t\t\r\n\t\t\t\t<\/div>\r\n\t\t\t\t<\/a>\r\n\t\t\t<\/div>\r\n\t\t\t<\/div><!-- .module_cont --><\/div><div class='row'><div style='padding-bottom:15px;' class='span4  module_number_7 module_cont  module_iconboxes'>\r\n\t\t\t<div class='module_content shortcode_iconbox'>\r\n\t\t\t\t<a target='_blank' href='http:\/\/winemakerschool.com\/fr\/wp-content\/uploads\/sites\/5\/2017\/08\/Registre-de-Vinification.pdf'>\r\n\t\t\t\t<div class='iconbox_wrapper'>\r\n\t\t\t\t\t<div class='iconbox_header'>\r\n\t\t\t\t\t\t<span class='ico'><i class=><\/i><\/span>\r\n\t\t\t\t\t\t<h5 class='iconbox_title'>Registre de vinification<\/h5>\r\n\t\t\t\t\t<\/div>\r\n\t\t\t\t\t<div class='iconbox_body'>\t\t\t\t\t\t\r\n\t\t\t\t\t\t<p>T&eacute;l&eacute;chargez le document PDF<\/p>\r\n\t\t\t\t\t<\/div>\t\t\t\t\t\r\n\t\t\t\t<\/div>\r\n\t\t\t\t<\/a>\r\n\t\t\t<\/div>\r\n\t\t\t<\/div><!-- .module_cont --><div style='padding-bottom:15px;' class='span4  module_number_8 module_cont  module_iconboxes'>\r\n\t\t\t<div class='module_content shortcode_iconbox'>\r\n\t\t\t\t<a target='_blank' href='http:\/\/winemakerschool.com\/fr\/wp-content\/uploads\/sites\/5\/2017\/08\/Liste-de-verification-Equipement-de-depart.pdf'>\r\n\t\t\t\t<div class='iconbox_wrapper'>\r\n\t\t\t\t\t<div class='iconbox_header'>\r\n\t\t\t\t\t\t<span class='ico'><i class=><\/i><\/span>\r\n\t\t\t\t\t\t<h5 class='iconbox_title'>Liste de v\u00e9rification - \u00e9quipement de d\u00e9part<\/h5>\r\n\t\t\t\t\t<\/div>\r\n\t\t\t\t\t<div class='iconbox_body'>\t\t\t\t\t\t\r\n\t\t\t\t\t\t<p>T&eacute;l&eacute;chargez le document PDF<\/p>\r\n\t\t\t\t\t<\/div>\t\t\t\t\t\r\n\t\t\t\t<\/div>\r\n\t\t\t\t<\/a>\r\n\t\t\t<\/div>\r\n\t\t\t<\/div><!-- .module_cont --><div style='padding-bottom:15px;' class='span4  module_number_9 module_cont  module_iconboxes'>\r\n\t\t\t<div class='module_content shortcode_iconbox'>\r\n\t\t\t\t<a target='_blank' href='http:\/\/winemakerschool.com\/fr\/wp-content\/uploads\/sites\/5\/2017\/08\/Vieillissement-en-bouteille.pdf'>\r\n\t\t\t\t<div class='iconbox_wrapper'>\r\n\t\t\t\t\t<div class='iconbox_header'>\r\n\t\t\t\t\t\t<span class='ico'><i class=><\/i><\/span>\r\n\t\t\t\t\t\t<h5 class='iconbox_title'>Vieillissement en bouteille<\/h5>\r\n\t\t\t\t\t<\/div>\r\n\t\t\t\t\t<div class='iconbox_body'>\t\t\t\t\t\t\r\n\t\t\t\t\t\t<p>T&eacute;l&eacute;chargez le document PDF<\/p>\r\n\t\t\t\t\t<\/div>\t\t\t\t\t\r\n\t\t\t\t<\/div>\r\n\t\t\t\t<\/a>\r\n\t\t\t<\/div>\r\n\t\t\t<\/div><!-- .module_cont --><\/div>","protected":false},"excerpt":{"rendered":"<p>T\u00e9l\u00e9chargements en format PDF Comment fabriquer et utiliser une solution de sulfite T&eacute;l&eacute;chargez le document PDF Comment utiliser un densim\u00e8tre T&eacute;l&eacute;chargez le document PDF Comment tester votre densim\u00e8tre T&eacute;l&eacute;chargez le document PDF Registre de vinification T&eacute;l&eacute;chargez le document PDF Liste de v\u00e9rification &#8211; \u00e9quipement de d\u00e9part T&eacute;l&eacute;chargez le document PDF Vieillissement en bouteille T&eacute;l&eacute;chargez le document PDF<\/p>\n","protected":false},"author":2,"featured_media":0,"parent":0,"menu_order":0,"comment_status":"closed","ping_status":"closed","template":"","meta":{"footnotes":""},"class_list":["post-199","page","type-page","status-publish","hentry"],"_links":{"self":[{"href":"https:\/\/winemakerschool.com\/fr\/wp-json\/wp\/v2\/pages\/199","targetHints":{"allow":["GET"]}}],"collection":[{"href":"https:\/\/winemakerschool.com\/fr\/wp-json\/wp\/v2\/pages"}],"about":[{"href":"https:\/\/winemakerschool.com\/fr\/wp-json\/wp\/v2\/types\/page"}],"author":[{"embeddable":true,"href":"https:\/\/winemakerschool.com\/fr\/wp-json\/wp\/v2\/users\/2"}],"replies":[{"embeddable":true,"href":"https:\/\/winemakerschool.com\/fr\/wp-json\/wp\/v2\/comments?post=199"}],"version-history":[{"count":1,"href":"https:\/\/winemakerschool.com\/fr\/wp-json\/wp\/v2\/pages\/199\/revisions"}],"predecessor-version":[{"id":200,"href":"https:\/\/winemakerschool.com\/fr\/wp-json\/wp\/v2\/pages\/199\/revisions\/200"}],"wp:attachment":[{"href":"https:\/\/winemakerschool.com\/fr\/wp-json\/wp\/v2\/media?parent=199"}],"curies":[{"name":"wp","href":"https:\/\/api.w.org\/{rel}","templated":true}]}}