{"id":18,"date":"2017-08-08T23:41:19","date_gmt":"2017-08-08T23:41:19","guid":{"rendered":"http:\/\/winemakerschool.com\/fr\/?page_id=18"},"modified":"2017-08-29T01:09:10","modified_gmt":"2017-08-29T01:09:10","slug":"gravite-specifique","status":"publish","type":"page","link":"https:\/\/winemakerschool.com\/fr\/gravite-specifique\/","title":{"rendered":"Gravit\u00e9 Sp\u00e9cifique"},"content":{"rendered":"<div class='row'><div style='padding-bottom:30px;' class='span12 first-module module_number_1 module_cont  module_text_area'>\r\n                <div class='module_content'>\r\n                    \r\n                <\/div><\/div><!-- .module_cont --><\/div><div class='row'><div style='padding-bottom:15px;' class='span12  module_number_2 module_cont  module_title'><div class='bg_title'><h4 style='' class='headInModule'>Gravit\u00e9 Sp\u00e9cifique<\/h4><\/div><\/div><!-- .module_cont --><\/div><div class='row'><div style='padding-bottom:30px;' class='span12  module_number_3 module_cont  module_divider'><hr class=\" \"><\/div><!-- .module_cont --><\/div><div class='row'><div style='padding-bottom:30px;' class='span3  module_number_4 module_cont  module_text_area'>\r\n                <div class='module_content'>\r\n                    <p><a href=\"\/fr\/nutritionallergies\/\"><img loading=\"lazy\" decoding=\"async\" src=\"\/fr\/wp-content\/uploads\/sites\/5\/2017\/08\/allergiesnutrition-02.jpg\" alt=\"Allergies\/Nutrition\" width=\"215\" height=\"50\" \/><\/a><br \/><a href=\"\/fr\/preparation\/\"><img loading=\"lazy\" decoding=\"async\" src=\"\/fr\/wp-content\/uploads\/sites\/5\/2017\/08\/prep-02.jpg\" alt=\"Prep\" width=\"215\" height=\"50\" \/><\/a><br \/><a href=\"\/fr\/fermentation\/\"><img loading=\"lazy\" decoding=\"async\" src=\"\/fr\/wp-content\/uploads\/sites\/5\/2017\/08\/fermentation-02.jpg\" alt=\"Fermentation\" width=\"215\" height=\"50\" \/><\/a><br \/><a href=\"\/fr\/gravite-specifique\/\"><img loading=\"lazy\" decoding=\"async\" src=\"\/fr\/wp-content\/uploads\/sites\/5\/2017\/08\/gravitespecifique-02.jpg\" alt=\"Gravite Specifique\" width=\"215\" height=\"50\" \/><\/a><br \/><a href=\"\/fr\/autres-questions\/\"><img loading=\"lazy\" decoding=\"async\" src=\"\/fr\/wp-content\/uploads\/sites\/5\/2017\/08\/autresquestions-02.jpg\" alt=\"Autres Questions\" width=\"215\" height=\"50\" \/><\/a><br \/><a href=\"\/fr\/clarification\/\"><img loading=\"lazy\" decoding=\"async\" src=\"\/fr\/wp-content\/uploads\/sites\/5\/2017\/08\/clarification-02.jpg\" alt=\"Clarification\" width=\"215\" height=\"50\" \/><\/a><br \/><a href=\"\/fr\/vieillissemententreposage\/\"><img loading=\"lazy\" decoding=\"async\" src=\"\/fr\/wp-content\/uploads\/sites\/5\/2017\/08\/vieillissemententreposage-02.jpg\" alt=\"Vieillissement\/Entreposage\" width=\"215\" height=\"50\" \/><\/a><\/p>\r\n                <\/div><\/div><!-- .module_cont --><div style='padding-bottom:30px;' class='span4  module_number_5 module_cont  module_toggle'><div class='shortcode_toggles toggles'>\r\n\t\t<h5 data-count='' class='shortcode_toggles_item_title acc_togg_title expanded_no'><span>Qu\u2019est-ce que la G.S. et pourquoi est-elle si importante? <\/span><\/h5>\r\n\t\t<div class='shortcode_toggles_item_body acc_togg_body'>\r\n\t\t    <div class='ip'><p>La gravit&eacute; sp&eacute;cifique est la lecture du compas d&rsquo;un vinificateur &ndash; elle peut nous indiquer o&ugrave; en est rendu le vin dans sa fermentation et il est primordial de demeurer sur la bonne voie et de ne pas s&rsquo;&eacute;garer en cours de route.<\/p>\r\n<p>&bull; <strong>Comment obtient-on ces lectures?<\/strong> Par le biais d&rsquo;un instrument qu&rsquo;on appelle un densim&egrave;tre. <a href=\"\/fr\/comment-utiliser-un-densimetre\/\">Cliquez ici<\/a> pour consulter les instructions indiquant comment utiliser un densim&egrave;tre pour obtenir une lecture de la gravit&eacute; sp&eacute;cifique.<br \/>&bull; <strong>Comment fonctionne-t-il?<\/strong> Un densim&egrave;tre sert &agrave; mesurer la densit&eacute; d&rsquo;un liquide. Puisque le sucre pr&eacute;sent dans le vin est remplac&eacute; par de l&rsquo;alcool ayant une moindre densit&eacute; (le travail de nos amicales levures s&rsquo;en occupe bien), une lecture plus basse est indiqu&eacute;e sur le densim&egrave;tre. En utilisant cette information, vous pourrez savoir si votre vin fermente bien et quand la fermentation sera compl&eacute;t&eacute;e.<\/p><\/div>\r\n        <\/div>\r\n\t\t<h5 data-count='1' class='shortcode_toggles_item_title acc_togg_title expanded_no'><span>Qu\u2019est-ce qu\u2019un densim\u00e8tre et comment l\u2019utilise-t-on?<\/span><\/h5>\r\n\t\t<div class='shortcode_toggles_item_body acc_togg_body'>\r\n\t\t    <div class='ip'><p>Un densim&egrave;tre est un instrument qui sert &agrave; mesurer la gravit&eacute; sp&eacute;cifique (G.S.) d&rsquo;un liquide, ce qui est essentiel dans le d&eacute;roulement du processus de vinification afin de bien suivre l&rsquo;&eacute;volution de la fermentation. <a href=\"\/fr\/comment-utiliser-un-densimetre\/\">Cliquez ici<\/a> pour consulter les instructions accompagn&eacute;es d&rsquo;images d&eacute;crivant la fa&ccedil;on d&rsquo;utiliser un densim&egrave;tre. Les &eacute;tapes sont :<\/p>\r\n<p>&bull; Nettoyez et st&eacute;rilisez votre densim&egrave;tre.<br \/>&bull; Pr&eacute;levez un &eacute;chantillon de vin dans une &eacute;prouvette de laboratoire en vous assurant qu&rsquo;il y a suffisamment d&rsquo;espace pour permettre au densim&egrave;tre de flotter librement. Vous pouvez &eacute;galement placer le densim&egrave;tre directement dans la cuve de fermentation primaire.<br \/>&bull; Placez le densim&egrave;tre au centre de l&rsquo;&eacute;prouvette. Il se peut que celui-ci se d&eacute;place sur le c&ocirc;t&eacute; de l&rsquo;&eacute;prouvette, alors touchez-le d&eacute;licatement pour lui permettre de se diriger vers le centre de l&rsquo;&eacute;prouvette. Si vous effectuez ce test dans la cuve de fermentation primaire, placez le densim&egrave;tre pr&egrave;s du centre et d&eacute;gagez toute trace de bulles ou de bouillonnement autour du densim&egrave;tre afin d&rsquo;en faciliter la lecture.<br \/>&bull; Une fois l&rsquo;&eacute;prouvette ou la cuve de fermentation d&eacute;pos&eacute;e sur une surface plane, essayez de maintenir votre regard bien align&eacute; avec le densim&egrave;tre. Notez la lecture au bas de la courbe du liquide entourant le densim&egrave;tre. On appelle cette courbe le m&eacute;nisque et la lecture la plus pr&eacute;cise se retrouve au bas de cette courbe, de fa&ccedil;on similaire &agrave; la lecture d&rsquo;un liquide dans une tasse &agrave; mesurer lorsque l&rsquo;on cuisine.<br \/>&bull; R&eacute;f&eacute;rez au tableau de G.S. se trouvant dans vos instructions afin de d&eacute;terminer ad&eacute;quatement la progression de votre vin au cours du processus de fermentation.<\/p><\/div>\r\n        <\/div>\r\n\t\t<h5 data-count='2' class='shortcode_toggles_item_title acc_togg_title expanded_no'><span>Comment puis-je savoir que mon densim\u00e8tre effectue une lecture pr\u00e9cise?<\/span><\/h5>\r\n\t\t<div class='shortcode_toggles_item_body acc_togg_body'>\r\n\t\t    <div class='ip'><p>Vous pouvez le tester dans de l&rsquo;eau distill&eacute;e &agrave; la temp&eacute;rature ambiante &ndash; la G.S. devrait &ecirc;tre tout pr&egrave;s de 1.000. <a href=\"\/fr\/comment-tester-votre-densimetre\/\">Cliquez ici<\/a> pour les instructions relatives &agrave; la fa&ccedil;on de tester votre densim&egrave;tre.<\/p><\/div>\r\n        <\/div><\/div><\/div><!-- .module_cont --><div style='padding-bottom:30px;' class='span4  module_number_6 module_cont  module_toggle'><div class='shortcode_toggles toggles'>\r\n\t\t<h5 data-count='3' class='shortcode_toggles_item_title acc_togg_title expanded_no'><span>Pourquoi la G.S. de mon vin est-elle basse au Jour 1? <\/span><\/h5>\r\n\t\t<div class='shortcode_toggles_item_body acc_togg_body'>\r\n\t\t    <div class='ip'><p>La raison habituelle pour obtenir une lecture basse de la G.S. au Jour 1 est la sous agitation. La base de jus est tr&egrave;s dense et cherche &agrave; se s&eacute;parer de l&rsquo;eau pour couler au fond, ce qui exige un brassage vigoureux &ndash; ce qui peut aussi remplacer votre entra&icirc;nement de la journ&eacute;e, une raison de plus pour vous appliquer au brassage! Si votre trousse contient des peaux de raisins, il est important d&rsquo;attendre 5-6 heures avant de mesurer la G.S. Assurez-vous de bien m&eacute;langer le tout avant de prendre votre lecture.<\/p><\/div>\r\n        <\/div>\r\n\t\t<h5 data-count='4' class='shortcode_toggles_item_title acc_togg_title expanded_no'><span>Pourquoi la gravit\u00e9 sp\u00e9cifique de mon vin ne diminue-t-elle pas? <\/span><\/h5>\r\n\t\t<div class='shortcode_toggles_item_body acc_togg_body'>\r\n\t\t    <div class='ip'><p>Il peut y avoir quelques raisons pour cela :<\/p>\r\n<p>&bull; Laissez du temps &agrave; la fermentation. Si la pi&egrave;ce est plus froide, la fermentation sera plus lente.<br \/>&bull; Assurez-vous qu&rsquo;il n&rsquo;y a pas de r&eacute;sidus provenant du nettoyage et de la st&eacute;rilisation laiss&eacute;s dans la cuve de fermentation.<br \/>&bull; Assurez-vous que votre densim&egrave;tre effectue une bonne lecture (<a href=\"\/fr\/comment-tester-votre-densimetre\/\">cliquez ici<\/a> pour les instructions relatives &agrave; la fa&ccedil;on de tester votre densim&egrave;tre.<\/p><\/div>\r\n        <\/div>\r\n\t\t<h5 data-count='5' class='shortcode_toggles_item_title acc_togg_title expanded_no'><span>Puis-je utiliser un r\u00e9fractom\u00e8tre pour effectuer une lecture de la gravit\u00e9 sp\u00e9cifique d\u2019un vin?<\/span><\/h5>\r\n\t\t<div class='shortcode_toggles_item_body acc_togg_body'>\r\n\t\t    <div class='ip'><p>Les r&eacute;fractom&egrave;tres ne pourront donner une lecture pr&eacute;cise &agrave; partir du moment o&ugrave; la fermentation a d&eacute;but&eacute;.<\/p><\/div>\r\n        <\/div><\/div><\/div><!-- .module_cont --><\/div>","protected":false},"excerpt":{"rendered":"<p>Gravit\u00e9 Sp\u00e9cifique Qu\u2019est-ce que la G.S. et pourquoi est-elle si importante? La gravit&eacute; sp&eacute;cifique est la lecture du compas d&rsquo;un vinificateur &ndash; elle peut nous indiquer o&ugrave; en est rendu le vin dans sa fermentation et il est primordial de demeurer sur la bonne voie et de ne pas s&rsquo;&eacute;garer en cours de route. &bull; Comment obtient-on ces lectures? Par le biais d&rsquo;un instrument qu&rsquo;on appelle un densim&egrave;tre. Cliquez ici pour consulter les instructions indiquant comment utiliser un densim&egrave;tre pour obtenir une lecture de la gravit&eacute; sp&eacute;cifique.&bull; Comment fonctionne-t-il? Un densim&egrave;tre sert &agrave; mesurer la densit&eacute; d&rsquo;un liquide. Puisque le sucre pr&eacute;sent dans le vin est remplac&eacute; par de l&rsquo;alcool ayant une moindre densit&eacute; (le travail de nos amicales levures s&rsquo;en occupe bien), une lecture plus basse est indiqu&eacute;e sur le densim&egrave;tre. En utilisant cette information, vous pourrez savoir si votre vin fermente bien et quand la fermentation sera compl&eacute;t&eacute;e. Qu\u2019est-ce qu\u2019un densim\u00e8tre et comment l\u2019utilise-t-on? Un densim&egrave;tre est un instrument qui sert &agrave; mesurer la gravit&eacute; sp&eacute;cifique (G.S.) d&rsquo;un liquide, ce qui est essentiel dans le d&eacute;roulement du processus de vinification afin de bien suivre l&rsquo;&eacute;volution de la fermentation. Cliquez ici pour consulter les instructions accompagn&eacute;es d&rsquo;images d&eacute;crivant la [&hellip;]<\/p>\n","protected":false},"author":2,"featured_media":0,"parent":0,"menu_order":0,"comment_status":"closed","ping_status":"closed","template":"","meta":{"footnotes":""},"class_list":["post-18","page","type-page","status-publish","hentry"],"_links":{"self":[{"href":"https:\/\/winemakerschool.com\/fr\/wp-json\/wp\/v2\/pages\/18","targetHints":{"allow":["GET"]}}],"collection":[{"href":"https:\/\/winemakerschool.com\/fr\/wp-json\/wp\/v2\/pages"}],"about":[{"href":"https:\/\/winemakerschool.com\/fr\/wp-json\/wp\/v2\/types\/page"}],"author":[{"embeddable":true,"href":"https:\/\/winemakerschool.com\/fr\/wp-json\/wp\/v2\/users\/2"}],"replies":[{"embeddable":true,"href":"https:\/\/winemakerschool.com\/fr\/wp-json\/wp\/v2\/comments?post=18"}],"version-history":[{"count":2,"href":"https:\/\/winemakerschool.com\/fr\/wp-json\/wp\/v2\/pages\/18\/revisions"}],"predecessor-version":[{"id":230,"href":"https:\/\/winemakerschool.com\/fr\/wp-json\/wp\/v2\/pages\/18\/revisions\/230"}],"wp:attachment":[{"href":"https:\/\/winemakerschool.com\/fr\/wp-json\/wp\/v2\/media?parent=18"}],"curies":[{"name":"wp","href":"https:\/\/api.w.org\/{rel}","templated":true}]}}