{"id":14,"date":"2017-08-08T23:25:40","date_gmt":"2017-08-08T23:25:40","guid":{"rendered":"http:\/\/winemakerschool.com\/fr\/?page_id=14"},"modified":"2017-08-27T01:27:38","modified_gmt":"2017-08-27T01:27:38","slug":"clarification","status":"publish","type":"page","link":"https:\/\/winemakerschool.com\/fr\/clarification\/","title":{"rendered":"Clarification"},"content":{"rendered":"<div class='row'><div style='padding-bottom:30px;' class='span12 first-module module_number_1 module_cont  module_text_area'>\r\n                <div class='module_content'>\r\n                    \r\n                <\/div><\/div><!-- .module_cont --><\/div><div class='row'><div style='padding-bottom:15px;' class='span12  module_number_2 module_cont  module_title'><div class='bg_title'><h4 style='' class='headInModule'>Clarification<\/h4><\/div><\/div><!-- .module_cont --><\/div><div class='row'><div style='padding-bottom:30px;' class='span12  module_number_3 module_cont  module_divider'><hr class=\" \"><\/div><!-- .module_cont --><\/div><div class='row'><div style='padding-bottom:30px;' class='span3  module_number_4 module_cont  module_text_area'>\r\n                <div class='module_content'>\r\n                    <p><a href=\"\/fr\/nutritionallergies\/\"><img loading=\"lazy\" decoding=\"async\" src=\"\/fr\/wp-content\/uploads\/sites\/5\/2017\/08\/allergiesnutrition-02.jpg\" alt=\"Allergies\/Nutrition\" width=\"215\" height=\"50\" \/><\/a><br \/><a href=\"\/fr\/preparation\/\"><img loading=\"lazy\" decoding=\"async\" src=\"\/fr\/wp-content\/uploads\/sites\/5\/2017\/08\/prep-02.jpg\" alt=\"Prep\" width=\"215\" height=\"50\" \/><\/a><br \/><a href=\"\/fr\/fermentation\/\"><img loading=\"lazy\" decoding=\"async\" src=\"\/fr\/wp-content\/uploads\/sites\/5\/2017\/08\/fermentation-02.jpg\" alt=\"Fermentation\" width=\"215\" height=\"50\" \/><\/a><br \/><a href=\"\/fr\/gravite-specifique\/\"><img loading=\"lazy\" decoding=\"async\" src=\"\/fr\/wp-content\/uploads\/sites\/5\/2017\/08\/gravitespecifique-02.jpg\" alt=\"Gravite Specifique\" width=\"215\" height=\"50\" \/><\/a><br \/><a href=\"\/fr\/autres-questions\/\"><img loading=\"lazy\" decoding=\"async\" src=\"\/fr\/wp-content\/uploads\/sites\/5\/2017\/08\/autresquestions-02.jpg\" alt=\"Autres Questions\" width=\"215\" height=\"50\" \/><\/a><br \/><a href=\"\/fr\/clarification\/\"><img loading=\"lazy\" decoding=\"async\" src=\"\/fr\/wp-content\/uploads\/sites\/5\/2017\/08\/clarification-02.jpg\" alt=\"Clarification\" width=\"215\" height=\"50\" \/><\/a><br \/><a href=\"\/fr\/vieillissemententreposage\/\"><img loading=\"lazy\" decoding=\"async\" src=\"\/fr\/wp-content\/uploads\/sites\/5\/2017\/08\/vieillissemententreposage-02.jpg\" alt=\"Vieillissement\/Entreposage\" width=\"215\" height=\"50\" \/><\/a><\/p>\r\n                <\/div><\/div><!-- .module_cont --><div style='padding-bottom:30px;' class='span4  module_number_5 module_cont  module_toggle'><div class='shortcode_toggles toggles'>\r\n\t\t<h5 data-count='' class='shortcode_toggles_item_title acc_togg_title expanded_no'><span>Mon vin est suppos\u00e9 \u00eatre pr\u00eat \u00e0 embouteiller mais il est trouble, puis-je tout de m\u00eame l\u2019embouteiller? <\/span><\/h5>\r\n\t\t<div class='shortcode_toggles_item_body acc_togg_body'>\r\n\t\t    <div class='ip'><p>Non &ndash; N&rsquo;EMBOUTEILLEZ JAMAIS UN VIN TROUBLE. Occasionnellement, le vin exigera plus de temps pour se clarifier dans la tourie que le temps indiqu&eacute; dans les instructions.<\/p>\r\n<p>&bull; S&rsquo;il est toujours trouble, donnez-lui une p&eacute;riode additionnelle de 7-14 jours pour clarifier avant la mise en bouteille. Vous voudrez &eacute;galement vous assurer que le vin est dans la bonne &eacute;chelle de temp&eacute;rature et a compl&eacute;t&eacute; sa fermentation avant de l&rsquo;embouteiller (prenez une lecture de la G.S. pour v&eacute;rifier la progression de la fermentation).<\/p>\r\n<p>&bull; Apr&egrave;s avoir attendu une semaine et que le vin ne se soit pas encore clarifi&eacute;, v&eacute;rifiez le niveau de saturation en gaz carbonique (CO2). S&rsquo;il y a encore pr&eacute;sence de dioxyde de carbone (CO2) dans le vin, celui-ci continuera &agrave; maintenir les agents affineurs (de clarification) et le s&eacute;diment en suspension dans le vin. Vous pourriez devoir r&eacute;chauffer le vin, revenir en arri&egrave;re et d&eacute;gazer compl&egrave;tement le vin &agrave; nouveau.<\/p><\/div>\r\n        <\/div>\r\n\t\t<h5 data-count='1' class='shortcode_toggles_item_title acc_togg_title expanded_no'><span>Comment puis-je savoir quand mon vin est enti\u00e8rement clarifi\u00e9?<\/span><\/h5>\r\n\t\t<div class='shortcode_toggles_item_body acc_togg_body'>\r\n\t\t    <div class='ip'><p>&bull; C&rsquo;est facile &agrave; constater avec les vins blancs lorsque la clarification est compl&eacute;t&eacute;e. Jetez un coup d&rsquo;&oelig;il aux deux images de vin blanc dans des touries ci-dessous. La premi&egrave;re est en processus de clarification, mais celle-ci n&rsquo;est pas encore compl&eacute;t&eacute;e &ndash; vous pouvez voir le papier quadrill&eacute; &agrave; travers la tourie, mais il est encore flou. Notez la diff&eacute;rence dans la derni&egrave;re image qui est compl&egrave;tement claire &ndash; cette seconde cuv&eacute;e a compl&eacute;t&eacute; sa clarification.<\/p>\r\n<p><img loading=\"lazy\" decoding=\"async\" src=\"\/fr\/wp-content\/uploads\/sites\/5\/2017\/08\/clearing01.jpg\" alt=\"Clarification 1\" width=\"200\" height=\"267\" \/>&nbsp; &nbsp;<img loading=\"lazy\" decoding=\"async\" src=\"\/fr\/wp-content\/uploads\/sites\/5\/2017\/08\/clearing02.jpg\" alt=\"Clarification 2\" width=\"200\" height=\"267\" \/><\/p>\r\n<p>&bull; CONSEIL: Avec le vin rouge, c&rsquo;est beaucoup plus difficile de constater la clart&eacute; du vin dans la tourie, c&rsquo;est donc une bonne id&eacute;e de pr&eacute;lever un &eacute;chantillon, de le d&eacute;poser dans un verre et de tenir celui-ci devant une source de lumi&egrave;re intense. Ceci en facilite la vision afin de bien constater si le vin est parfaitement clair.<\/p><\/div>\r\n        <\/div>\r\n\t\t<h5 data-count='2' class='shortcode_toggles_item_title acc_togg_title expanded_no'><span>Est-ce que la filtration d\u2019un vin trouble permettra de le clarifier?<\/span><\/h5>\r\n\t\t<div class='shortcode_toggles_item_body acc_togg_body'>\r\n\t\t    <div class='ip'><p>Non &ndash; NE FILTREZ JAMAIS UN VIN TROUBLE. La filtration sert uniquement &agrave; affiner le vin et &agrave; lui donner un &eacute;clat similaire &agrave; ce qu&rsquo;on trouve dans les magasins de vin. La filtration d&rsquo;un vin trouble ne permettra pas de stopper les particules qui continueront &agrave; se clarifier dans la bouteille.<\/p><\/div>\r\n        <\/div><\/div><\/div><!-- .module_cont --><div style='padding-bottom:30px;' class='span4  module_number_6 module_cont  module_toggle'><div class='shortcode_toggles toggles'>\r\n\t\t<h5 data-count='3' class='shortcode_toggles_item_title acc_togg_title expanded_no'><span>Pourquoi retrouve-t-on des s\u00e9diments dans mes bouteilles?<\/span><\/h5>\r\n\t\t<div class='shortcode_toggles_item_body acc_togg_body'>\r\n\t\t    <div class='ip'><p>Le vin a probablement &eacute;t&eacute; embouteill&eacute; avant d&rsquo;&ecirc;tre compl&egrave;tement clarifi&eacute;. Le vin essaiera de se clarifier dans la bouteille, mais parce qu&rsquo;il en sera incapable, il laissera un s&eacute;diment qui peut alt&eacute;rer la saveur et l&rsquo;ar&ocirc;me du vin avec le temps. &Agrave; l&rsquo;avenir, assurez-vous que le vin est enti&egrave;rement clarifi&eacute; avant de l&rsquo;embouteiller.<\/p><\/div>\r\n        <\/div>\r\n\t\t<h5 data-count='4' class='shortcode_toggles_item_title acc_togg_title expanded_no'><span>Mon vin s\u2019est bien clarifi\u00e9, mais se retrouve trouble dans la bouteille, que s\u2019est-il produit? <\/span><\/h5>\r\n\t\t<div class='shortcode_toggles_item_body acc_togg_body'>\r\n\t\t    <div class='ip'><p>Le vin a probablement &eacute;t&eacute; embouteill&eacute; avant d&rsquo;&ecirc;tre compl&egrave;tement clarifi&eacute;. &Agrave; l&rsquo;avenir, assurez-vous que le vin est enti&egrave;rement clarifi&eacute; avant de l&rsquo;embouteiller.<\/p><\/div>\r\n        <\/div><\/div><\/div><!-- .module_cont --><\/div>","protected":false},"excerpt":{"rendered":"<p>Clarification Mon vin est suppos\u00e9 \u00eatre pr\u00eat \u00e0 embouteiller mais il est trouble, puis-je tout de m\u00eame l\u2019embouteiller? Non &ndash; N&rsquo;EMBOUTEILLEZ JAMAIS UN VIN TROUBLE. Occasionnellement, le vin exigera plus de temps pour se clarifier dans la tourie que le temps indiqu&eacute; dans les instructions. &bull; S&rsquo;il est toujours trouble, donnez-lui une p&eacute;riode additionnelle de 7-14 jours pour clarifier avant la mise en bouteille. Vous voudrez &eacute;galement vous assurer que le vin est dans la bonne &eacute;chelle de temp&eacute;rature et a compl&eacute;t&eacute; sa fermentation avant de l&rsquo;embouteiller (prenez une lecture de la G.S. pour v&eacute;rifier la progression de la fermentation). &bull; Apr&egrave;s avoir attendu une semaine et que le vin ne se soit pas encore clarifi&eacute;, v&eacute;rifiez le niveau de saturation en gaz carbonique (CO2). S&rsquo;il y a encore pr&eacute;sence de dioxyde de carbone (CO2) dans le vin, celui-ci continuera &agrave; maintenir les agents affineurs (de clarification) et le s&eacute;diment en suspension dans le vin. Vous pourriez devoir r&eacute;chauffer le vin, revenir en arri&egrave;re et d&eacute;gazer compl&egrave;tement le vin &agrave; nouveau. Comment puis-je savoir quand mon vin est enti\u00e8rement clarifi\u00e9? &bull; C&rsquo;est facile &agrave; constater avec les vins blancs lorsque la clarification est compl&eacute;t&eacute;e. Jetez un coup d&rsquo;&oelig;il aux deux [&hellip;]<\/p>\n","protected":false},"author":2,"featured_media":0,"parent":0,"menu_order":0,"comment_status":"closed","ping_status":"closed","template":"","meta":{"footnotes":""},"class_list":["post-14","page","type-page","status-publish","hentry"],"_links":{"self":[{"href":"https:\/\/winemakerschool.com\/fr\/wp-json\/wp\/v2\/pages\/14","targetHints":{"allow":["GET"]}}],"collection":[{"href":"https:\/\/winemakerschool.com\/fr\/wp-json\/wp\/v2\/pages"}],"about":[{"href":"https:\/\/winemakerschool.com\/fr\/wp-json\/wp\/v2\/types\/page"}],"author":[{"embeddable":true,"href":"https:\/\/winemakerschool.com\/fr\/wp-json\/wp\/v2\/users\/2"}],"replies":[{"embeddable":true,"href":"https:\/\/winemakerschool.com\/fr\/wp-json\/wp\/v2\/comments?post=14"}],"version-history":[{"count":1,"href":"https:\/\/winemakerschool.com\/fr\/wp-json\/wp\/v2\/pages\/14\/revisions"}],"predecessor-version":[{"id":232,"href":"https:\/\/winemakerschool.com\/fr\/wp-json\/wp\/v2\/pages\/14\/revisions\/232"}],"wp:attachment":[{"href":"https:\/\/winemakerschool.com\/fr\/wp-json\/wp\/v2\/media?parent=14"}],"curies":[{"name":"wp","href":"https:\/\/api.w.org\/{rel}","templated":true}]}}